{"id":618,"date":"2021-03-12T08:44:29","date_gmt":"2021-03-12T08:44:29","guid":{"rendered":"http:\/\/www.haustannenhof.de\/?page_id=618"},"modified":"2021-03-14T19:28:10","modified_gmt":"2021-03-14T19:28:10","slug":"leitbilder","status":"publish","type":"page","link":"https:\/\/www.haustannenhof.de\/index.php\/leitbilder\/","title":{"rendered":"Leitbilder"},"content":{"rendered":"\t\t<div data-elementor-type=\"wp-page\" data-elementor-id=\"618\" class=\"elementor elementor-618\">\n\t\t\t\t\t\t<section class=\"elementor-section elementor-top-section elementor-element elementor-element-7387793 elementor-section-boxed elementor-section-height-default elementor-section-height-default\" data-id=\"7387793\" data-element_type=\"section\" data-e-type=\"section\">\n\t\t\t\t\t\t<div class=\"elementor-container elementor-column-gap-default\">\n\t\t\t\t\t<div class=\"elementor-column elementor-col-100 elementor-top-column elementor-element elementor-element-2c0fd41\" data-id=\"2c0fd41\" data-element_type=\"column\" data-e-type=\"column\">\n\t\t\t<div class=\"elementor-widget-wrap elementor-element-populated\">\n\t\t\t\t\t\t<div class=\"elementor-element elementor-element-1197863 elementor-widget elementor-widget-heading\" data-id=\"1197863\" data-element_type=\"widget\" data-e-type=\"widget\" data-widget_type=\"heading.default\">\n\t\t\t\t<div class=\"elementor-widget-container\">\n\t\t\t\t\t<h2 class=\"elementor-heading-title elementor-size-default\">\"Gemeinsam statt einsam!\"<\/h2>\t\t\t\t<\/div>\n\t\t\t\t<\/div>\n\t\t\t\t\t<\/div>\n\t\t<\/div>\n\t\t\t\t\t<\/div>\n\t\t<\/section>\n\t\t\t\t<section class=\"elementor-section elementor-top-section elementor-element elementor-element-cb986c4 elementor-section-boxed elementor-section-height-default elementor-section-height-default\" data-id=\"cb986c4\" data-element_type=\"section\" data-e-type=\"section\">\n\t\t\t\t\t\t<div class=\"elementor-container elementor-column-gap-default\">\n\t\t\t\t\t<div class=\"elementor-column elementor-col-100 elementor-top-column elementor-element elementor-element-1e5c920\" data-id=\"1e5c920\" data-element_type=\"column\" data-e-type=\"column\">\n\t\t\t<div class=\"elementor-widget-wrap elementor-element-populated\">\n\t\t\t\t\t\t<div class=\"elementor-element elementor-element-7093c18 elementor-widget elementor-widget-image\" data-id=\"7093c18\" data-element_type=\"widget\" data-e-type=\"widget\" data-widget_type=\"image.default\">\n\t\t\t\t<div class=\"elementor-widget-container\">\n\t\t\t\t\t\t\t\t\t\t\t\t\t\t\t<img fetchpriority=\"high\" decoding=\"async\" width=\"300\" height=\"250\" src=\"https:\/\/www.haustannenhof.de\/wp-content\/uploads\/2021\/03\/hands-598145_1280-300x250.jpg\" class=\"attachment-medium size-medium wp-image-620\" alt=\"\" srcset=\"https:\/\/www.haustannenhof.de\/wp-content\/uploads\/2021\/03\/hands-598145_1280-300x250.jpg 300w, https:\/\/www.haustannenhof.de\/wp-content\/uploads\/2021\/03\/hands-598145_1280-1024x853.jpg 1024w, https:\/\/www.haustannenhof.de\/wp-content\/uploads\/2021\/03\/hands-598145_1280-768x640.jpg 768w, https:\/\/www.haustannenhof.de\/wp-content\/uploads\/2021\/03\/hands-598145_1280.jpg 1280w\" sizes=\"(max-width: 300px) 100vw, 300px\" \/>\t\t\t\t\t\t\t\t\t\t\t\t\t\t\t<\/div>\n\t\t\t\t<\/div>\n\t\t\t\t\t<\/div>\n\t\t<\/div>\n\t\t\t\t\t<\/div>\n\t\t<\/section>\n\t\t\t\t<section class=\"elementor-section elementor-top-section elementor-element elementor-element-e67d2c5 elementor-section-boxed elementor-section-height-default elementor-section-height-default\" data-id=\"e67d2c5\" data-element_type=\"section\" data-e-type=\"section\">\n\t\t\t\t\t\t<div class=\"elementor-container elementor-column-gap-default\">\n\t\t\t\t\t<div class=\"elementor-column elementor-col-100 elementor-top-column elementor-element elementor-element-5afa0c2\" data-id=\"5afa0c2\" data-element_type=\"column\" data-e-type=\"column\" data-settings=\"{&quot;background_background&quot;:&quot;classic&quot;}\">\n\t\t\t<div class=\"elementor-widget-wrap elementor-element-populated\">\n\t\t\t\t\t\t<div class=\"elementor-element elementor-element-4374893 elementor-widget elementor-widget-text-editor\" data-id=\"4374893\" data-element_type=\"widget\" data-e-type=\"widget\" data-widget_type=\"text-editor.default\">\n\t\t\t\t<div class=\"elementor-widget-container\">\n\t\t\t\t\t\t\t\t\t<p>&#8222;Grundlage allen pflegerischen Tuns ist die Achtung vor der W\u00fcrde und die Einzigartigkeit menschlichen Lebens.&#8220;<\/p><p>Ziel unserer Arbeit soll es sein, den uns anvertrauten Menschen das Gef\u00fchl zu geben, dass sie mit ihrer Bew\u00e4ltigungsarbeit nicht alleingelassen werden und dass ihre Konflikte mit sich selbst von uns und der Umwelt verstanden werden.<\/p><p>Die Freiheit zur Selbstbestimmung in einer oft fremdbestimmten Welt soll so weit wie m\u00f6glich gewahrt bleiben.<\/p><p>Eine nach neusten Erkenntnissen durchgef\u00fchrte ganzheitliche Pflege und Betreuung von K\u00f6rper, Geist und Seele ist eines der obersten Ziele unseres Hauses und wir wollen, das wir wertsch\u00e4tzend miteinander umgehen.<\/p><p>Angeh\u00f6rige und \u00c4rzte sind unsere Partner in der Sorge um das Wohlergehen unserer Bewohner.<\/p><p>Wir wollen ein Team sein, dass Erfahrungen untereinander austauscht, dass durch Weiterbildung vorhandene F\u00e4higkeiten und Kenntnisse vertieft und erweitert.<\/p><p>Die ganzheitliche Pflege und Betreuung wird von uns f\u00fcr jeden Bewohner individuell geplant, durch ein Dokumentationssystem unterst\u00fctzt und im Sinne der Qualit\u00e4tssicherung \u00fcberwacht und \u00fcberarbeitet.<\/p><p>Unser Team soll kooperativ und kritikf\u00e4hig sein, damit unsere Dualit\u00e4t steigt und kontinuierlich verbessert wird und letztlich zur Zufriedenheit unserer Mitarbeit und BewohnerInnen f\u00fchrt.<\/p>\t\t\t\t\t\t\t\t<\/div>\n\t\t\t\t<\/div>\n\t\t\t\t\t<\/div>\n\t\t<\/div>\n\t\t\t\t\t<\/div>\n\t\t<\/section>\n\t\t\t\t<\/div>\n\t\t","protected":false},"excerpt":{"rendered":"<p>&#8222;Gemeinsam statt einsam!&#8220; &#8222;Grundlage allen pflegerischen Tuns ist die Achtung vor der W\u00fcrde und die Einzigartigkeit menschlichen Lebens.&#8220; Ziel unserer Arbeit soll es sein, den uns anvertrauten Menschen das Gef\u00fchl zu geben, dass sie mit ihrer Bew\u00e4ltigungsarbeit nicht alleingelassen werden und dass ihre Konflikte mit sich selbst von uns und der Umwelt verstanden werden. Die [&hellip;]<\/p>\n","protected":false},"author":1,"featured_media":0,"parent":0,"menu_order":0,"comment_status":"closed","ping_status":"closed","template":"","meta":{"ocean_post_layout":"","ocean_both_sidebars_style":"","ocean_both_sidebars_content_width":0,"ocean_both_sidebars_sidebars_width":0,"ocean_sidebar":"","ocean_second_sidebar":"","ocean_disable_margins":"enable","ocean_add_body_class":"","ocean_shortcode_before_top_bar":"","ocean_shortcode_after_top_bar":"","ocean_shortcode_before_header":"","ocean_shortcode_after_header":"","ocean_has_shortcode":"","ocean_shortcode_after_title":"","ocean_shortcode_before_footer_widgets":"","ocean_shortcode_after_footer_widgets":"","ocean_shortcode_before_footer_bottom":"","ocean_shortcode_after_footer_bottom":"","ocean_display_top_bar":"default","ocean_display_header":"default","ocean_header_style":"","ocean_center_header_left_menu":"","ocean_custom_header_template":"","ocean_custom_logo":0,"ocean_custom_retina_logo":0,"ocean_custom_logo_max_width":0,"ocean_custom_logo_tablet_max_width":0,"ocean_custom_logo_mobile_max_width":0,"ocean_custom_logo_max_height":0,"ocean_custom_logo_tablet_max_height":0,"ocean_custom_logo_mobile_max_height":0,"ocean_header_custom_menu":"","ocean_menu_typo_font_family":"","ocean_menu_typo_font_subset":"","ocean_menu_typo_font_size":0,"ocean_menu_typo_font_size_tablet":0,"ocean_menu_typo_font_size_mobile":0,"ocean_menu_typo_font_size_unit":"px","ocean_menu_typo_font_weight":"","ocean_menu_typo_font_weight_tablet":"","ocean_menu_typo_font_weight_mobile":"","ocean_menu_typo_transform":"","ocean_menu_typo_transform_tablet":"","ocean_menu_typo_transform_mobile":"","ocean_menu_typo_line_height":0,"ocean_menu_typo_line_height_tablet":0,"ocean_menu_typo_line_height_mobile":0,"ocean_menu_typo_line_height_unit":"","ocean_menu_typo_spacing":0,"ocean_menu_typo_spacing_tablet":0,"ocean_menu_typo_spacing_mobile":0,"ocean_menu_typo_spacing_unit":"","ocean_menu_link_color":"","ocean_menu_link_color_hover":"","ocean_menu_link_color_active":"","ocean_menu_link_background":"","ocean_menu_link_hover_background":"","ocean_menu_link_active_background":"","ocean_menu_social_links_bg":"","ocean_menu_social_hover_links_bg":"","ocean_menu_social_links_color":"","ocean_menu_social_hover_links_color":"","ocean_disable_title":"default","ocean_disable_heading":"default","ocean_post_title":"","ocean_post_subheading":"","ocean_post_title_style":"","ocean_post_title_background_color":"","ocean_post_title_background":0,"ocean_post_title_bg_image_position":"","ocean_post_title_bg_image_attachment":"","ocean_post_title_bg_image_repeat":"","ocean_post_title_bg_image_size":"","ocean_post_title_height":0,"ocean_post_title_bg_overlay":0.5,"ocean_post_title_bg_overlay_color":"","ocean_disable_breadcrumbs":"default","ocean_breadcrumbs_color":"","ocean_breadcrumbs_separator_color":"","ocean_breadcrumbs_links_color":"","ocean_breadcrumbs_links_hover_color":"","ocean_display_footer_widgets":"default","ocean_display_footer_bottom":"default","ocean_custom_footer_template":"","footnotes":""},"class_list":["post-618","page","type-page","status-publish","hentry","entry"],"_links":{"self":[{"href":"https:\/\/www.haustannenhof.de\/index.php\/wp-json\/wp\/v2\/pages\/618","targetHints":{"allow":["GET"]}}],"collection":[{"href":"https:\/\/www.haustannenhof.de\/index.php\/wp-json\/wp\/v2\/pages"}],"about":[{"href":"https:\/\/www.haustannenhof.de\/index.php\/wp-json\/wp\/v2\/types\/page"}],"author":[{"embeddable":true,"href":"https:\/\/www.haustannenhof.de\/index.php\/wp-json\/wp\/v2\/users\/1"}],"replies":[{"embeddable":true,"href":"https:\/\/www.haustannenhof.de\/index.php\/wp-json\/wp\/v2\/comments?post=618"}],"version-history":[{"count":7,"href":"https:\/\/www.haustannenhof.de\/index.php\/wp-json\/wp\/v2\/pages\/618\/revisions"}],"predecessor-version":[{"id":777,"href":"https:\/\/www.haustannenhof.de\/index.php\/wp-json\/wp\/v2\/pages\/618\/revisions\/777"}],"wp:attachment":[{"href":"https:\/\/www.haustannenhof.de\/index.php\/wp-json\/wp\/v2\/media?parent=618"}],"curies":[{"name":"wp","href":"https:\/\/api.w.org\/{rel}","templated":true}]}}