{"id":543,"date":"2021-03-11T10:12:39","date_gmt":"2021-03-11T10:12:39","guid":{"rendered":"http:\/\/www.haustannenhof.de\/?page_id=543"},"modified":"2021-09-15T04:46:37","modified_gmt":"2021-09-15T04:46:37","slug":"unsere-psa","status":"publish","type":"page","link":"https:\/\/www.haustannenhof.de\/index.php\/unsere-psa\/","title":{"rendered":"Unsere PSA"},"content":{"rendered":"\t\t<div data-elementor-type=\"wp-page\" data-elementor-id=\"543\" class=\"elementor elementor-543\">\n\t\t\t\t\t\t<section class=\"elementor-section elementor-top-section elementor-element elementor-element-6613392 elementor-section-boxed elementor-section-height-default elementor-section-height-default\" data-id=\"6613392\" data-element_type=\"section\" data-e-type=\"section\">\n\t\t\t\t\t\t<div class=\"elementor-container elementor-column-gap-default\">\n\t\t\t\t\t<div class=\"elementor-column elementor-col-100 elementor-top-column elementor-element elementor-element-753bcfa\" data-id=\"753bcfa\" data-element_type=\"column\" data-e-type=\"column\">\n\t\t\t<div class=\"elementor-widget-wrap elementor-element-populated\">\n\t\t\t\t\t\t<div class=\"elementor-element elementor-element-ab98426 elementor-widget elementor-widget-heading\" data-id=\"ab98426\" data-element_type=\"widget\" data-e-type=\"widget\" data-widget_type=\"heading.default\">\n\t\t\t\t<div class=\"elementor-widget-container\">\n\t\t\t\t\t<h2 class=\"elementor-heading-title elementor-size-default\">Unsere PSA<\/h2>\t\t\t\t<\/div>\n\t\t\t\t<\/div>\n\t\t\t\t\t<\/div>\n\t\t<\/div>\n\t\t\t\t\t<\/div>\n\t\t<\/section>\n\t\t\t\t<section class=\"elementor-section elementor-top-section elementor-element elementor-element-d4b1b2d elementor-section-boxed elementor-section-height-default elementor-section-height-default\" data-id=\"d4b1b2d\" data-element_type=\"section\" data-e-type=\"section\">\n\t\t\t\t\t\t<div class=\"elementor-container elementor-column-gap-default\">\n\t\t\t\t\t<div class=\"elementor-column elementor-col-100 elementor-top-column elementor-element elementor-element-7310957\" data-id=\"7310957\" data-element_type=\"column\" data-e-type=\"column\" data-settings=\"{&quot;background_background&quot;:&quot;classic&quot;}\">\n\t\t\t<div class=\"elementor-widget-wrap elementor-element-populated\">\n\t\t\t\t\t\t<div class=\"elementor-element elementor-element-388be6f elementor-widget elementor-widget-heading\" data-id=\"388be6f\" data-element_type=\"widget\" data-e-type=\"widget\" data-widget_type=\"heading.default\">\n\t\t\t\t<div class=\"elementor-widget-container\">\n\t\t\t\t\t<h2 class=\"elementor-heading-title elementor-size-default\"> Schutz f\u00fcr hin- und weglaufgef\u00e4hrdete Personen<br>\n(mit Beschluss)<\/h2>\t\t\t\t<\/div>\n\t\t\t\t<\/div>\n\t\t\t\t<div class=\"elementor-element elementor-element-0935667 elementor-widget elementor-widget-text-editor\" data-id=\"0935667\" data-element_type=\"widget\" data-e-type=\"widget\" data-widget_type=\"text-editor.default\">\n\t\t\t\t<div class=\"elementor-widget-container\">\n\t\t\t\t\t\t\t\t\t<p>Alle Ausg\u00e4nge sind so gesichert, dass die Pflegekr\u00e4fte auf ihre Rufanlage eine Meldung bekommen, wenn dieser Bewohner den Heimbereich verlassen will. Gleichzeitig verschlie\u00dft sich sofort<br \/>die T\u00fcre, an der die betreffende Person steht, solange, bis eine Pflegekraft denjenigen wieder abholt und den Ruf best\u00e4tigt.<b><br \/><\/b><\/p><p>Wir verf\u00fcgen\u00a0auch \u00fcber ein <br \/><b>GPS-Personenleitsystem von <\/b><strong><a title=\"GPS Leitsystem\" href=\"http:\/\/www.keruve.de\/\" rel=\"alternate\">Keruve<\/a><\/strong><b><br \/><\/b><\/p><p>Sollte jemand dennoch den Einrichtungsbereich verlassen haben und leichte Koordinationsprobleme haben, wird \u00fcber eine GPS-Ortung der Standort desjenigen gemeldet und er kann dort, wo er sich befindet abgeholt werden: weltweit (ohne Beschluss, da keine freiheitsbeschr\u00e4nkende Ma\u00dfnahme).<b><br \/><\/b><\/p>\t\t\t\t\t\t\t\t<\/div>\n\t\t\t\t<\/div>\n\t\t\t\t<section class=\"elementor-section elementor-inner-section elementor-element elementor-element-3410692 elementor-section-boxed elementor-section-height-default elementor-section-height-default\" data-id=\"3410692\" data-element_type=\"section\" data-e-type=\"section\">\n\t\t\t\t\t\t<div class=\"elementor-container elementor-column-gap-default\">\n\t\t\t\t\t<div class=\"elementor-column elementor-col-50 elementor-inner-column elementor-element elementor-element-2e817c9\" data-id=\"2e817c9\" data-element_type=\"column\" data-e-type=\"column\">\n\t\t\t<div class=\"elementor-widget-wrap elementor-element-populated\">\n\t\t\t\t\t\t<div class=\"elementor-element elementor-element-53af735 elementor-widget elementor-widget-image\" data-id=\"53af735\" data-element_type=\"widget\" data-e-type=\"widget\" data-widget_type=\"image.default\">\n\t\t\t\t<div class=\"elementor-widget-container\">\n\t\t\t\t\t\t\t\t\t\t\t\t\t\t\t<img fetchpriority=\"high\" decoding=\"async\" width=\"400\" height=\"320\" src=\"https:\/\/www.haustannenhof.de\/wp-content\/uploads\/2021\/03\/Kopie-von-weglaeuferschutz31.jpg\" class=\"attachment-large size-large wp-image-596\" alt=\"\" srcset=\"https:\/\/www.haustannenhof.de\/wp-content\/uploads\/2021\/03\/Kopie-von-weglaeuferschutz31.jpg 400w, https:\/\/www.haustannenhof.de\/wp-content\/uploads\/2021\/03\/Kopie-von-weglaeuferschutz31-300x240.jpg 300w\" sizes=\"(max-width: 400px) 100vw, 400px\" \/>\t\t\t\t\t\t\t\t\t\t\t\t\t\t\t<\/div>\n\t\t\t\t<\/div>\n\t\t\t\t\t<\/div>\n\t\t<\/div>\n\t\t\t\t<div class=\"elementor-column elementor-col-50 elementor-inner-column elementor-element elementor-element-8bc2fef\" data-id=\"8bc2fef\" data-element_type=\"column\" data-e-type=\"column\">\n\t\t\t<div class=\"elementor-widget-wrap elementor-element-populated\">\n\t\t\t\t\t\t<div class=\"elementor-element elementor-element-8e46ae1 elementor-widget elementor-widget-image\" data-id=\"8e46ae1\" data-element_type=\"widget\" data-e-type=\"widget\" data-widget_type=\"image.default\">\n\t\t\t\t<div class=\"elementor-widget-container\">\n\t\t\t\t\t\t\t\t\t\t\t\t\t\t\t<img decoding=\"async\" width=\"128\" height=\"171\" src=\"https:\/\/www.haustannenhof.de\/wp-content\/uploads\/2021\/03\/Oma-flexibel-e1712982448862.jpg\" class=\"attachment-large size-large wp-image-595\" alt=\"\" \/>\t\t\t\t\t\t\t\t\t\t\t\t\t\t\t<\/div>\n\t\t\t\t<\/div>\n\t\t\t\t\t<\/div>\n\t\t<\/div>\n\t\t\t\t\t<\/div>\n\t\t<\/section>\n\t\t\t\t\t<\/div>\n\t\t<\/div>\n\t\t\t\t\t<\/div>\n\t\t<\/section>\n\t\t\t\t<\/div>\n\t\t","protected":false},"excerpt":{"rendered":"<p>Unsere PSA Schutz f\u00fcr hin- und weglaufgef\u00e4hrdete Personen (mit Beschluss) Alle Ausg\u00e4nge sind so gesichert, dass die Pflegekr\u00e4fte auf ihre Rufanlage eine Meldung bekommen, wenn dieser Bewohner den Heimbereich verlassen will. Gleichzeitig verschlie\u00dft sich sofortdie T\u00fcre, an der die betreffende Person steht, solange, bis eine Pflegekraft denjenigen wieder abholt und den Ruf best\u00e4tigt. Wir verf\u00fcgen\u00a0auch [&hellip;]<\/p>\n","protected":false},"author":1,"featured_media":0,"parent":0,"menu_order":0,"comment_status":"closed","ping_status":"closed","template":"","meta":{"ocean_post_layout":"","ocean_both_sidebars_style":"","ocean_both_sidebars_content_width":0,"ocean_both_sidebars_sidebars_width":0,"ocean_sidebar":"","ocean_second_sidebar":"","ocean_disable_margins":"enable","ocean_add_body_class":"","ocean_shortcode_before_top_bar":"","ocean_shortcode_after_top_bar":"","ocean_shortcode_before_header":"","ocean_shortcode_after_header":"","ocean_has_shortcode":"","ocean_shortcode_after_title":"","ocean_shortcode_before_footer_widgets":"","ocean_shortcode_after_footer_widgets":"","ocean_shortcode_before_footer_bottom":"","ocean_shortcode_after_footer_bottom":"","ocean_display_top_bar":"default","ocean_display_header":"default","ocean_header_style":"","ocean_center_header_left_menu":"","ocean_custom_header_template":"","ocean_custom_logo":0,"ocean_custom_retina_logo":0,"ocean_custom_logo_max_width":0,"ocean_custom_logo_tablet_max_width":0,"ocean_custom_logo_mobile_max_width":0,"ocean_custom_logo_max_height":0,"ocean_custom_logo_tablet_max_height":0,"ocean_custom_logo_mobile_max_height":0,"ocean_header_custom_menu":"","ocean_menu_typo_font_family":"","ocean_menu_typo_font_subset":"","ocean_menu_typo_font_size":0,"ocean_menu_typo_font_size_tablet":0,"ocean_menu_typo_font_size_mobile":0,"ocean_menu_typo_font_size_unit":"px","ocean_menu_typo_font_weight":"","ocean_menu_typo_font_weight_tablet":"","ocean_menu_typo_font_weight_mobile":"","ocean_menu_typo_transform":"","ocean_menu_typo_transform_tablet":"","ocean_menu_typo_transform_mobile":"","ocean_menu_typo_line_height":0,"ocean_menu_typo_line_height_tablet":0,"ocean_menu_typo_line_height_mobile":0,"ocean_menu_typo_line_height_unit":"","ocean_menu_typo_spacing":0,"ocean_menu_typo_spacing_tablet":0,"ocean_menu_typo_spacing_mobile":0,"ocean_menu_typo_spacing_unit":"","ocean_menu_link_color":"","ocean_menu_link_color_hover":"","ocean_menu_link_color_active":"","ocean_menu_link_background":"","ocean_menu_link_hover_background":"","ocean_menu_link_active_background":"","ocean_menu_social_links_bg":"","ocean_menu_social_hover_links_bg":"","ocean_menu_social_links_color":"","ocean_menu_social_hover_links_color":"","ocean_disable_title":"default","ocean_disable_heading":"default","ocean_post_title":"","ocean_post_subheading":"","ocean_post_title_style":"","ocean_post_title_background_color":"","ocean_post_title_background":0,"ocean_post_title_bg_image_position":"","ocean_post_title_bg_image_attachment":"","ocean_post_title_bg_image_repeat":"","ocean_post_title_bg_image_size":"","ocean_post_title_height":0,"ocean_post_title_bg_overlay":0.5,"ocean_post_title_bg_overlay_color":"","ocean_disable_breadcrumbs":"default","ocean_breadcrumbs_color":"","ocean_breadcrumbs_separator_color":"","ocean_breadcrumbs_links_color":"","ocean_breadcrumbs_links_hover_color":"","ocean_display_footer_widgets":"default","ocean_display_footer_bottom":"default","ocean_custom_footer_template":"","footnotes":""},"class_list":["post-543","page","type-page","status-publish","hentry","entry"],"_links":{"self":[{"href":"https:\/\/www.haustannenhof.de\/index.php\/wp-json\/wp\/v2\/pages\/543","targetHints":{"allow":["GET"]}}],"collection":[{"href":"https:\/\/www.haustannenhof.de\/index.php\/wp-json\/wp\/v2\/pages"}],"about":[{"href":"https:\/\/www.haustannenhof.de\/index.php\/wp-json\/wp\/v2\/types\/page"}],"author":[{"embeddable":true,"href":"https:\/\/www.haustannenhof.de\/index.php\/wp-json\/wp\/v2\/users\/1"}],"replies":[{"embeddable":true,"href":"https:\/\/www.haustannenhof.de\/index.php\/wp-json\/wp\/v2\/comments?post=543"}],"version-history":[{"count":32,"href":"https:\/\/www.haustannenhof.de\/index.php\/wp-json\/wp\/v2\/pages\/543\/revisions"}],"predecessor-version":[{"id":1308,"href":"https:\/\/www.haustannenhof.de\/index.php\/wp-json\/wp\/v2\/pages\/543\/revisions\/1308"}],"wp:attachment":[{"href":"https:\/\/www.haustannenhof.de\/index.php\/wp-json\/wp\/v2\/media?parent=543"}],"curies":[{"name":"wp","href":"https:\/\/api.w.org\/{rel}","templated":true}]}}