{"id":446,"date":"2021-03-11T09:04:06","date_gmt":"2021-03-11T09:04:06","guid":{"rendered":"http:\/\/www.haustannenhof.de\/?page_id=446"},"modified":"2022-09-29T08:58:05","modified_gmt":"2022-09-29T08:58:05","slug":"verpflegung","status":"publish","type":"page","link":"https:\/\/www.haustannenhof.de\/index.php\/verpflegung\/","title":{"rendered":"Verpflegung"},"content":{"rendered":"\t\t<div data-elementor-type=\"wp-page\" data-elementor-id=\"446\" class=\"elementor elementor-446\">\n\t\t\t\t\t\t<section class=\"elementor-section elementor-top-section elementor-element elementor-element-07352b2 elementor-section-boxed elementor-section-height-default elementor-section-height-default\" data-id=\"07352b2\" data-element_type=\"section\" data-e-type=\"section\">\n\t\t\t\t\t\t<div class=\"elementor-container elementor-column-gap-default\">\n\t\t\t\t\t<div class=\"elementor-column elementor-col-100 elementor-top-column elementor-element elementor-element-27da203\" data-id=\"27da203\" data-element_type=\"column\" data-e-type=\"column\">\n\t\t\t<div class=\"elementor-widget-wrap elementor-element-populated\">\n\t\t\t\t\t\t<div class=\"elementor-element elementor-element-ceb0344 elementor-widget elementor-widget-heading\" data-id=\"ceb0344\" data-element_type=\"widget\" data-e-type=\"widget\" data-widget_type=\"heading.default\">\n\t\t\t\t<div class=\"elementor-widget-container\">\n\t\t\t\t\t<h2 class=\"elementor-heading-title elementor-size-default\">Verpflegung<\/h2>\t\t\t\t<\/div>\n\t\t\t\t<\/div>\n\t\t\t\t\t<\/div>\n\t\t<\/div>\n\t\t\t\t\t<\/div>\n\t\t<\/section>\n\t\t\t\t<section class=\"elementor-section elementor-top-section elementor-element elementor-element-9afa488 elementor-section-boxed elementor-section-height-default elementor-section-height-default\" data-id=\"9afa488\" data-element_type=\"section\" data-e-type=\"section\">\n\t\t\t\t\t\t<div class=\"elementor-container elementor-column-gap-default\">\n\t\t\t\t\t<div class=\"elementor-column elementor-col-100 elementor-top-column elementor-element elementor-element-f242ef4\" data-id=\"f242ef4\" data-element_type=\"column\" data-e-type=\"column\">\n\t\t\t<div class=\"elementor-widget-wrap elementor-element-populated\">\n\t\t\t\t\t\t<div class=\"elementor-element elementor-element-151136e elementor-widget elementor-widget-image\" data-id=\"151136e\" data-element_type=\"widget\" data-e-type=\"widget\" data-widget_type=\"image.default\">\n\t\t\t\t<div class=\"elementor-widget-container\">\n\t\t\t\t\t\t\t\t\t\t\t\t\t\t\t<img decoding=\"async\" width=\"200\" height=\"150\" src=\"https:\/\/www.haustannenhof.de\/wp-content\/uploads\/2021\/03\/16.jpg\" class=\"attachment-full size-full wp-image-487\" alt=\"\" \/>\t\t\t\t\t\t\t\t\t\t\t\t\t\t\t<\/div>\n\t\t\t\t<\/div>\n\t\t\t\t\t<\/div>\n\t\t<\/div>\n\t\t\t\t\t<\/div>\n\t\t<\/section>\n\t\t\t\t<section class=\"elementor-section elementor-top-section elementor-element elementor-element-46abd1b elementor-section-boxed elementor-section-height-default elementor-section-height-default\" data-id=\"46abd1b\" data-element_type=\"section\" data-e-type=\"section\">\n\t\t\t\t\t\t<div class=\"elementor-container elementor-column-gap-default\">\n\t\t\t\t\t<div class=\"elementor-column elementor-col-100 elementor-top-column elementor-element elementor-element-664ca0b\" data-id=\"664ca0b\" data-element_type=\"column\" data-e-type=\"column\" data-settings=\"{&quot;background_background&quot;:&quot;classic&quot;}\">\n\t\t\t<div class=\"elementor-widget-wrap elementor-element-populated\">\n\t\t\t\t\t\t<div class=\"elementor-element elementor-element-42a009b elementor-widget elementor-widget-text-editor\" data-id=\"42a009b\" data-element_type=\"widget\" data-e-type=\"widget\" data-widget_type=\"text-editor.default\">\n\t\t\t\t<div class=\"elementor-widget-container\">\n\t\t\t\t\t\t\t\t\t<p>Unser eingespieltes K\u00fcchenteam bereitet alle Gerichte in der hauseigenen Gro\u00dfk\u00fcche zu und serviert Ihnen t\u00e4glich neben abwechslungsreichen Mahlzeiten auch Di\u00e4t- und Schonkost, je nach Ihren pers\u00f6nlichen Anforderungen. Auch Ihr Lieblingsessen wird Ihnen gerne zubereitet.<\/p><p>Gemeinsames Essen regt bekanntlich den Appetit an. So begr\u00fc\u00dfen wir es sehr, wenn auch Sie am gemeinsamen Tisch im Speisesaal Platz nehmen.<\/p><p>Sollten Sie aus irgendwelchen Gr\u00fcnden dies nicht w\u00fcnschen oder k\u00f6nnen, so wird Ihnen das Essen selbstverst\u00e4ndlich auf dem Zimmer serviert und Ihnen nach Bedarf auch angereicht.<\/p>\t\t\t\t\t\t\t\t<\/div>\n\t\t\t\t<\/div>\n\t\t\t\t<div class=\"elementor-element elementor-element-3a917fa elementor-widget elementor-widget-heading\" data-id=\"3a917fa\" data-element_type=\"widget\" data-e-type=\"widget\" data-widget_type=\"heading.default\">\n\t\t\t\t<div class=\"elementor-widget-container\">\n\t\t\t\t\t<h2 class=\"elementor-heading-title elementor-size-default\">Leitbild der K\u00fcche<\/h2>\t\t\t\t<\/div>\n\t\t\t\t<\/div>\n\t\t\t\t<div class=\"elementor-element elementor-element-2e2734a elementor-widget elementor-widget-text-editor\" data-id=\"2e2734a\" data-element_type=\"widget\" data-e-type=\"widget\" data-widget_type=\"text-editor.default\">\n\t\t\t\t<div class=\"elementor-widget-container\">\n\t\t\t\t\t\t\t\t\t<p>Die Bedeutung des Essens, bzw. der gemeinsamen Mahlzeit ist von jeher einer der H\u00f6hepunkte des Tages. \u201eEssen\u201c ist Lebensqualit\u00e4t und nicht umsonst sagt der Volksmund:<\/p>\t\t\t\t\t\t\t\t<\/div>\n\t\t\t\t<\/div>\n\t\t\t\t<div class=\"elementor-element elementor-element-5b45fda elementor-widget elementor-widget-heading\" data-id=\"5b45fda\" data-element_type=\"widget\" data-e-type=\"widget\" data-widget_type=\"heading.default\">\n\t\t\t\t<div class=\"elementor-widget-container\">\n\t\t\t\t\t<h2 class=\"elementor-heading-title elementor-size-default\">Essen h\u00e4lt K\u00f6rper und Seele zusammen!<\/h2>\t\t\t\t<\/div>\n\t\t\t\t<\/div>\n\t\t\t\t<div class=\"elementor-element elementor-element-4c9e3ec elementor-widget elementor-widget-text-editor\" data-id=\"4c9e3ec\" data-element_type=\"widget\" data-e-type=\"widget\" data-widget_type=\"text-editor.default\">\n\t\t\t\t<div class=\"elementor-widget-container\">\n\t\t\t\t\t\t\t\t\t<p>Dies bedeutet f\u00fcr uns, schmackhafte und ansprechende, qualitativ hochwertige Men\u00fcs zu erstellen. Eine angenehme Atmosph\u00e4re zu schaffen.<br \/><br \/>Individuelle W\u00fcnsche und Anregungen unserer Bewohner\/Innen so gut wie m\u00f6glich zu erf\u00fcllen und relevante Gesundheitsaspekte und gesetzliche Richtlinien bei der Zubereitung zu beachten.<br \/><br \/>Wir m\u00f6chten, dass es Ihnen schmeckt und Sie sich auf die Mahlzeiten freuen k\u00f6nnen\u00a0 !!<\/p>\t\t\t\t\t\t\t\t<\/div>\n\t\t\t\t<\/div>\n\t\t\t\t\t<\/div>\n\t\t<\/div>\n\t\t\t\t\t<\/div>\n\t\t<\/section>\n\t\t\t\t<section class=\"elementor-section elementor-top-section elementor-element elementor-element-a325bf1 elementor-hidden-desktop elementor-hidden-tablet elementor-hidden-mobile elementor-section-boxed elementor-section-height-default elementor-section-height-default\" data-id=\"a325bf1\" data-element_type=\"section\" data-e-type=\"section\">\n\t\t\t\t\t\t<div class=\"elementor-container elementor-column-gap-default\">\n\t\t\t\t\t<div class=\"elementor-column elementor-col-50 elementor-top-column elementor-element elementor-element-b4f6941\" data-id=\"b4f6941\" data-element_type=\"column\" data-e-type=\"column\" data-settings=\"{&quot;background_background&quot;:&quot;classic&quot;}\">\n\t\t\t<div class=\"elementor-widget-wrap elementor-element-populated\">\n\t\t\t\t\t\t<div class=\"elementor-element elementor-element-df1f105 elementor-widget elementor-widget-image\" data-id=\"df1f105\" data-element_type=\"widget\" data-e-type=\"widget\" data-widget_type=\"image.default\">\n\t\t\t\t<div class=\"elementor-widget-container\">\n\t\t\t\t\t\t\t\t\t\t\t\t\t\t\t<img decoding=\"async\" src=\"https:\/\/www.haustannenhof.de\/wp-content\/uploads\/2021\/03\/Gerhardus-e1616576219876.jpg\" title=\"Gerhardus\" alt=\"Gerhardus\" loading=\"lazy\" \/>\t\t\t\t\t\t\t\t\t\t\t\t\t\t\t<\/div>\n\t\t\t\t<\/div>\n\t\t\t\t<div class=\"elementor-element elementor-element-c47340f elementor-widget elementor-widget-heading\" data-id=\"c47340f\" data-element_type=\"widget\" data-e-type=\"widget\" data-widget_type=\"heading.default\">\n\t\t\t\t<div class=\"elementor-widget-container\">\n\t\t\t\t\t<h2 class=\"elementor-heading-title elementor-size-default\">Inge Gerhardus<\/h2>\t\t\t\t<\/div>\n\t\t\t\t<\/div>\n\t\t\t\t<div class=\"elementor-element elementor-element-3746f8d elementor-widget elementor-widget-text-editor\" data-id=\"3746f8d\" data-element_type=\"widget\" data-e-type=\"widget\" data-widget_type=\"text-editor.default\">\n\t\t\t\t<div class=\"elementor-widget-container\">\n\t\t\t\t\t\t\t\t\t<p>Hauswirtschaftsleitung<\/p><p><span id=\"cloak16940\"><a href=\"mailto:i.gerhardus@haustannenhof.de\">i.gerhardus@haustannenhof.de<\/a><\/span><\/p>\t\t\t\t\t\t\t\t<\/div>\n\t\t\t\t<\/div>\n\t\t\t\t\t<\/div>\n\t\t<\/div>\n\t\t\t\t<div class=\"elementor-column elementor-col-50 elementor-top-column elementor-element elementor-element-d5ec870\" data-id=\"d5ec870\" data-element_type=\"column\" data-e-type=\"column\" data-settings=\"{&quot;background_background&quot;:&quot;classic&quot;}\">\n\t\t\t<div class=\"elementor-widget-wrap elementor-element-populated\">\n\t\t\t\t\t\t<div class=\"elementor-element elementor-element-de96ba4 elementor-widget elementor-widget-image\" data-id=\"de96ba4\" data-element_type=\"widget\" data-e-type=\"widget\" data-widget_type=\"image.default\">\n\t\t\t\t<div class=\"elementor-widget-container\">\n\t\t\t\t\t\t\t\t\t\t\t\t\t\t\t<img decoding=\"async\" width=\"200\" height=\"133\" src=\"https:\/\/www.haustannenhof.de\/wp-content\/uploads\/2021\/03\/28082013.jpg\" class=\"attachment-large size-large wp-image-488\" alt=\"\" \/>\t\t\t\t\t\t\t\t\t\t\t\t\t\t\t<\/div>\n\t\t\t\t<\/div>\n\t\t\t\t<div class=\"elementor-element elementor-element-d53c7cb elementor-widget elementor-widget-heading\" data-id=\"d53c7cb\" data-element_type=\"widget\" data-e-type=\"widget\" data-widget_type=\"heading.default\">\n\t\t\t\t<div class=\"elementor-widget-container\">\n\t\t\t\t\t<h2 class=\"elementor-heading-title elementor-size-default\">Frank Weingarten<\/h2>\t\t\t\t<\/div>\n\t\t\t\t<\/div>\n\t\t\t\t<div class=\"elementor-element elementor-element-ca8a042 elementor-widget elementor-widget-text-editor\" data-id=\"ca8a042\" data-element_type=\"widget\" data-e-type=\"widget\" data-widget_type=\"text-editor.default\">\n\t\t\t\t<div class=\"elementor-widget-container\">\n\t\t\t\t\t\t\t\t\t<p>K\u00fcchenleitung<\/p><p><span id=\"cloak57309\"><a href=\"mailto:f.weingarten@haustannenhof.de\">f.weingarten@haustannenhof.de<\/a><\/span><\/p>\t\t\t\t\t\t\t\t<\/div>\n\t\t\t\t<\/div>\n\t\t\t\t\t<\/div>\n\t\t<\/div>\n\t\t\t\t\t<\/div>\n\t\t<\/section>\n\t\t\t\t<section class=\"elementor-section elementor-top-section elementor-element elementor-element-f99b532 elementor-section-boxed elementor-section-height-default elementor-section-height-default\" data-id=\"f99b532\" data-element_type=\"section\" data-e-type=\"section\">\n\t\t\t\t\t\t<div class=\"elementor-container elementor-column-gap-default\">\n\t\t\t\t\t<div class=\"elementor-column elementor-col-100 elementor-top-column elementor-element elementor-element-aafc3ac\" data-id=\"aafc3ac\" data-element_type=\"column\" data-e-type=\"column\" data-settings=\"{&quot;background_background&quot;:&quot;classic&quot;}\">\n\t\t\t<div class=\"elementor-widget-wrap elementor-element-populated\">\n\t\t\t\t\t\t<div class=\"elementor-element elementor-element-3e2d143 elementor-widget elementor-widget-heading\" data-id=\"3e2d143\" data-element_type=\"widget\" data-e-type=\"widget\" data-widget_type=\"heading.default\">\n\t\t\t\t<div class=\"elementor-widget-container\">\n\t\t\t\t\t<h2 class=\"elementor-heading-title elementor-size-default\">Die Hauswirtschaft<\/h2>\t\t\t\t<\/div>\n\t\t\t\t<\/div>\n\t\t\t\t<div class=\"elementor-element elementor-element-fc21d41 elementor-widget elementor-widget-text-editor\" data-id=\"fc21d41\" data-element_type=\"widget\" data-e-type=\"widget\" data-widget_type=\"text-editor.default\">\n\t\t\t\t<div class=\"elementor-widget-container\">\n\t\t\t\t\t\t\t\t\t<p>Die Hauswirtschaft sorgt f\u00fcr Wohlbefinden durch top Sauberkeit in allen Bereichen und reine Luft mit gutem Duft im ganzen Haus!! <\/p><p>Haben Sie ein Problem im Reinlichkeitsbereich &#8211; Frau\u00a0Gerhardus und ihr Team: sie kommen gleich!!<\/p><p>Die pers\u00f6nliche pflegeleichte Kleidung wird in der hauseigenen W\u00e4scherei f\u00fcr Sie gewaschen. Ebenso stellt die W\u00e4scherei regelm\u00e4\u00dfig frische Handt\u00fccher und Waschlappen zur Verf\u00fcgung.<\/p><p>Die Flachw\u00e4sche wird durch einen externen Dienstleister aufbereitet.<\/p><p>Alle anderen Kleidungsst\u00fccke k\u00f6nnen durch einen Vertragspartner gegen Entgelt gereinigt werden.<\/p>\t\t\t\t\t\t\t\t<\/div>\n\t\t\t\t<\/div>\n\t\t\t\t<div class=\"elementor-element elementor-element-80b8a1b elementor-widget elementor-widget-heading\" data-id=\"80b8a1b\" data-element_type=\"widget\" data-e-type=\"widget\" data-widget_type=\"heading.default\">\n\t\t\t\t<div class=\"elementor-widget-container\">\n\t\t\t\t\t<h2 class=\"elementor-heading-title elementor-size-default\">Leitbild der Hauswirtschaft<\/h2>\t\t\t\t<\/div>\n\t\t\t\t<\/div>\n\t\t\t\t<div class=\"elementor-element elementor-element-e8f0a2a elementor-widget elementor-widget-text-editor\" data-id=\"e8f0a2a\" data-element_type=\"widget\" data-e-type=\"widget\" data-widget_type=\"text-editor.default\">\n\t\t\t\t<div class=\"elementor-widget-container\">\n\t\t\t\t\t\t\t\t\t<p>All unser Tun geschieht in Achtung vor der W\u00fcrde und der Einzigartigkeit menschlichen Lebens.<br \/><br \/>Ziel unserer Arbeit ist es, \u00fcber die pflegerische Betreuung hinaus, einen Beitrag dazu zu leisten, dass der Bewohner sich versorgt und umsorgt f\u00fchlt. Wir verstehen uns als ein Instrument in der ganzheitlichen Pflege und bem\u00fchen uns, durch ein gutes Wohn- und Hausmilieu und einen wertsch\u00e4tzenden Umgang mit den Bewohnern, Geist und Seele positiv anzusprechen. Angeh\u00f6rige und Betreuer verstehen wir als Partner und Ansprechpartner in der Sorge um das Wohlergehen der uns anvertrauten Menschen.<br \/><br \/>Wir wollen als Hauswirtschaftsteam im Rahmen des Gesamtteams st\u00e4ndig an uns und unserer Fachlichkeit arbeiten, um eine bestm\u00f6gliche Versorgung zu gew\u00e4hrleisten. Fortbildungen und Teamgespr\u00e4che bilden hier die Grundlage. Die Leistungen der Hauswirtschaft werden im Rahmen der Qualit\u00e4tssicherung geplant, dokumentiert \u00fcberwacht und \u00fcberarbeitet.<br \/><br \/>Kritikf\u00e4higkeit ist f\u00fcr uns wichtig, da nur dadurch die Qualit\u00e4t unserer Arbeit verbessert werden kann oder ihr Niveau h\u00e4lt und dies letztendlich unseren Bewohnern zugute kommt.<\/p>\t\t\t\t\t\t\t\t<\/div>\n\t\t\t\t<\/div>\n\t\t\t\t\t<\/div>\n\t\t<\/div>\n\t\t\t\t\t<\/div>\n\t\t<\/section>\n\t\t\t\t<section class=\"elementor-section elementor-top-section elementor-element elementor-element-08f17f3 elementor-section-boxed elementor-section-height-default elementor-section-height-default\" data-id=\"08f17f3\" data-element_type=\"section\" data-e-type=\"section\">\n\t\t\t\t\t\t<div class=\"elementor-container elementor-column-gap-default\">\n\t\t\t\t\t<div class=\"elementor-column elementor-col-50 elementor-top-column elementor-element elementor-element-8a932ed\" data-id=\"8a932ed\" data-element_type=\"column\" data-e-type=\"column\">\n\t\t\t<div class=\"elementor-widget-wrap elementor-element-populated\">\n\t\t\t\t\t\t<div class=\"elementor-element elementor-element-faaade8 elementor-widget elementor-widget-image\" data-id=\"faaade8\" data-element_type=\"widget\" data-e-type=\"widget\" data-widget_type=\"image.default\">\n\t\t\t\t<div class=\"elementor-widget-container\">\n\t\t\t\t\t\t\t\t\t\t\t\t\t\t\t<img fetchpriority=\"high\" decoding=\"async\" width=\"266\" height=\"200\" src=\"https:\/\/www.haustannenhof.de\/wp-content\/uploads\/2021\/03\/3-e1615456401212_height_200.jpg\" class=\"attachment-full size-full wp-image-1006\" alt=\"\" \/>\t\t\t\t\t\t\t\t\t\t\t\t\t\t\t<\/div>\n\t\t\t\t<\/div>\n\t\t\t\t\t<\/div>\n\t\t<\/div>\n\t\t\t\t<div class=\"elementor-column elementor-col-50 elementor-top-column elementor-element elementor-element-189183d\" data-id=\"189183d\" data-element_type=\"column\" data-e-type=\"column\">\n\t\t\t<div class=\"elementor-widget-wrap elementor-element-populated\">\n\t\t\t\t\t\t<div class=\"elementor-element elementor-element-5e5fae4 elementor-widget elementor-widget-image\" data-id=\"5e5fae4\" data-element_type=\"widget\" data-e-type=\"widget\" data-widget_type=\"image.default\">\n\t\t\t\t<div class=\"elementor-widget-container\">\n\t\t\t\t\t\t\t\t\t\t\t\t\t\t\t<img loading=\"lazy\" decoding=\"async\" width=\"300\" height=\"200\" src=\"https:\/\/www.haustannenhof.de\/wp-content\/uploads\/2021\/03\/Schreinerei4.jpg\" class=\"attachment-full size-full wp-image-490\" alt=\"\" \/>\t\t\t\t\t\t\t\t\t\t\t\t\t\t\t<\/div>\n\t\t\t\t<\/div>\n\t\t\t\t\t<\/div>\n\t\t<\/div>\n\t\t\t\t\t<\/div>\n\t\t<\/section>\n\t\t\t\t<section class=\"elementor-section elementor-top-section elementor-element elementor-element-32a44e9 elementor-section-boxed elementor-section-height-default elementor-section-height-default\" data-id=\"32a44e9\" data-element_type=\"section\" data-e-type=\"section\">\n\t\t\t\t\t\t<div class=\"elementor-container elementor-column-gap-default\">\n\t\t\t\t\t<div class=\"elementor-column elementor-col-100 elementor-top-column elementor-element elementor-element-d213dec\" data-id=\"d213dec\" data-element_type=\"column\" data-e-type=\"column\" data-settings=\"{&quot;background_background&quot;:&quot;classic&quot;}\">\n\t\t\t<div class=\"elementor-widget-wrap elementor-element-populated\">\n\t\t\t\t\t\t<div class=\"elementor-element elementor-element-e92f114 elementor-widget elementor-widget-heading\" data-id=\"e92f114\" data-element_type=\"widget\" data-e-type=\"widget\" data-widget_type=\"heading.default\">\n\t\t\t\t<div class=\"elementor-widget-container\">\n\t\t\t\t\t<h2 class=\"elementor-heading-title elementor-size-default\">Die Haustechnik<\/h2>\t\t\t\t<\/div>\n\t\t\t\t<\/div>\n\t\t\t\t<div class=\"elementor-element elementor-element-6f8e658 elementor-widget elementor-widget-text-editor\" data-id=\"6f8e658\" data-element_type=\"widget\" data-e-type=\"widget\" data-widget_type=\"text-editor.default\">\n\t\t\t\t<div class=\"elementor-widget-container\">\n\t\t\t\t\t\t\t\t\t<p>Unser Haustechniker und Hausmeister Herr Achim Ulbrich ist jederzeit f\u00fcr Sie und das Haus da, entweder pers\u00f6nlich oder durch Vertretung.<\/p>\n<p>Zu&nbsp;seinem Aufgabenbereich z\u00e4hlt die technische Instandhaltung der Einrichtung sowie zahlreiche bautechnische Begleitungen bei der st\u00e4ndig fortschreitenden technischen Innovation.<\/p>\t\t\t\t\t\t\t\t<\/div>\n\t\t\t\t<\/div>\n\t\t\t\t<div class=\"elementor-element elementor-element-e742741 elementor-widget elementor-widget-heading\" data-id=\"e742741\" data-element_type=\"widget\" data-e-type=\"widget\" data-widget_type=\"heading.default\">\n\t\t\t\t<div class=\"elementor-widget-container\">\n\t\t\t\t\t<h2 class=\"elementor-heading-title elementor-size-default\">Leitbild der Haustechnik<\/h2>\t\t\t\t<\/div>\n\t\t\t\t<\/div>\n\t\t\t\t<div class=\"elementor-element elementor-element-ba1377f elementor-widget elementor-widget-text-editor\" data-id=\"ba1377f\" data-element_type=\"widget\" data-e-type=\"widget\" data-widget_type=\"text-editor.default\">\n\t\t\t\t<div class=\"elementor-widget-container\">\n\t\t\t\t\t\t\t\t\t<p>Die Grundlage allen Tuns ist die Achtung vor der W\u00fcrde des Menschen und dessen Einzigartigkeit.<br \/><br \/>Ziel unserer Arbeit ist es, technische Abl\u00e4ufe zu koordinieren, Baumassnahmen umzusetzen und Reparaturen sowie Instandhaltungs-arbeiten durchzuf\u00fchren.<br \/><br \/>Diese Gew\u00e4hrleistung soll einen Beitrag zur Bewohnerzufriedenheit darstellen. Die W\u00fcnsche und Anregungen der BewohnerInnen werden ber\u00fccksichtigt und aus diesem Grunde stehen wir in engem Kontakt mit der Heimleitung und anderen Arbeitsbereichen im Hause. Angeh\u00f6rige und Firmen sind unsere Partner bei der Umsetzung.<br \/><br \/>Wir sehen unsere Arbeit als einen wichtigen\u00a0 Beitrag zur Qualit\u00e4tssicherung. Ein kooperatives Miteinander und Kritikf\u00e4higkeit sind f\u00fcr uns die notwendige Grundlage eines ganzheitlichen Gedankens.<\/p>\t\t\t\t\t\t\t\t<\/div>\n\t\t\t\t<\/div>\n\t\t\t\t\t<\/div>\n\t\t<\/div>\n\t\t\t\t\t<\/div>\n\t\t<\/section>\n\t\t\t\t<\/div>\n\t\t","protected":false},"excerpt":{"rendered":"<p>Verpflegung Unser eingespieltes K\u00fcchenteam bereitet alle Gerichte in der hauseigenen Gro\u00dfk\u00fcche zu und serviert Ihnen t\u00e4glich neben abwechslungsreichen Mahlzeiten auch Di\u00e4t- und Schonkost, je nach Ihren pers\u00f6nlichen Anforderungen. Auch Ihr Lieblingsessen wird Ihnen gerne zubereitet. Gemeinsames Essen regt bekanntlich den Appetit an. So begr\u00fc\u00dfen wir es sehr, wenn auch Sie am gemeinsamen Tisch im Speisesaal [&hellip;]<\/p>\n","protected":false},"author":1,"featured_media":0,"parent":0,"menu_order":0,"comment_status":"closed","ping_status":"closed","template":"","meta":{"ocean_post_layout":"","ocean_both_sidebars_style":"","ocean_both_sidebars_content_width":0,"ocean_both_sidebars_sidebars_width":0,"ocean_sidebar":"","ocean_second_sidebar":"","ocean_disable_margins":"enable","ocean_add_body_class":"","ocean_shortcode_before_top_bar":"","ocean_shortcode_after_top_bar":"","ocean_shortcode_before_header":"","ocean_shortcode_after_header":"","ocean_has_shortcode":"","ocean_shortcode_after_title":"","ocean_shortcode_before_footer_widgets":"","ocean_shortcode_after_footer_widgets":"","ocean_shortcode_before_footer_bottom":"","ocean_shortcode_after_footer_bottom":"","ocean_display_top_bar":"default","ocean_display_header":"default","ocean_header_style":"","ocean_center_header_left_menu":"","ocean_custom_header_template":"","ocean_custom_logo":0,"ocean_custom_retina_logo":0,"ocean_custom_logo_max_width":0,"ocean_custom_logo_tablet_max_width":0,"ocean_custom_logo_mobile_max_width":0,"ocean_custom_logo_max_height":0,"ocean_custom_logo_tablet_max_height":0,"ocean_custom_logo_mobile_max_height":0,"ocean_header_custom_menu":"","ocean_menu_typo_font_family":"","ocean_menu_typo_font_subset":"","ocean_menu_typo_font_size":0,"ocean_menu_typo_font_size_tablet":0,"ocean_menu_typo_font_size_mobile":0,"ocean_menu_typo_font_size_unit":"px","ocean_menu_typo_font_weight":"","ocean_menu_typo_font_weight_tablet":"","ocean_menu_typo_font_weight_mobile":"","ocean_menu_typo_transform":"","ocean_menu_typo_transform_tablet":"","ocean_menu_typo_transform_mobile":"","ocean_menu_typo_line_height":0,"ocean_menu_typo_line_height_tablet":0,"ocean_menu_typo_line_height_mobile":0,"ocean_menu_typo_line_height_unit":"","ocean_menu_typo_spacing":0,"ocean_menu_typo_spacing_tablet":0,"ocean_menu_typo_spacing_mobile":0,"ocean_menu_typo_spacing_unit":"","ocean_menu_link_color":"","ocean_menu_link_color_hover":"","ocean_menu_link_color_active":"","ocean_menu_link_background":"","ocean_menu_link_hover_background":"","ocean_menu_link_active_background":"","ocean_menu_social_links_bg":"","ocean_menu_social_hover_links_bg":"","ocean_menu_social_links_color":"","ocean_menu_social_hover_links_color":"","ocean_disable_title":"default","ocean_disable_heading":"default","ocean_post_title":"","ocean_post_subheading":"","ocean_post_title_style":"","ocean_post_title_background_color":"","ocean_post_title_background":0,"ocean_post_title_bg_image_position":"","ocean_post_title_bg_image_attachment":"","ocean_post_title_bg_image_repeat":"","ocean_post_title_bg_image_size":"","ocean_post_title_height":0,"ocean_post_title_bg_overlay":0.5,"ocean_post_title_bg_overlay_color":"","ocean_disable_breadcrumbs":"default","ocean_breadcrumbs_color":"","ocean_breadcrumbs_separator_color":"","ocean_breadcrumbs_links_color":"","ocean_breadcrumbs_links_hover_color":"","ocean_display_footer_widgets":"default","ocean_display_footer_bottom":"default","ocean_custom_footer_template":"","footnotes":""},"class_list":["post-446","page","type-page","status-publish","hentry","entry"],"_links":{"self":[{"href":"https:\/\/www.haustannenhof.de\/index.php\/wp-json\/wp\/v2\/pages\/446","targetHints":{"allow":["GET"]}}],"collection":[{"href":"https:\/\/www.haustannenhof.de\/index.php\/wp-json\/wp\/v2\/pages"}],"about":[{"href":"https:\/\/www.haustannenhof.de\/index.php\/wp-json\/wp\/v2\/types\/page"}],"author":[{"embeddable":true,"href":"https:\/\/www.haustannenhof.de\/index.php\/wp-json\/wp\/v2\/users\/1"}],"replies":[{"embeddable":true,"href":"https:\/\/www.haustannenhof.de\/index.php\/wp-json\/wp\/v2\/comments?post=446"}],"version-history":[{"count":52,"href":"https:\/\/www.haustannenhof.de\/index.php\/wp-json\/wp\/v2\/pages\/446\/revisions"}],"predecessor-version":[{"id":1437,"href":"https:\/\/www.haustannenhof.de\/index.php\/wp-json\/wp\/v2\/pages\/446\/revisions\/1437"}],"wp:attachment":[{"href":"https:\/\/www.haustannenhof.de\/index.php\/wp-json\/wp\/v2\/media?parent=446"}],"curies":[{"name":"wp","href":"https:\/\/api.w.org\/{rel}","templated":true}]}}