{"id":444,"date":"2021-03-11T09:03:43","date_gmt":"2021-03-11T09:03:43","guid":{"rendered":"http:\/\/www.haustannenhof.de\/?page_id=444"},"modified":"2024-05-09T16:05:47","modified_gmt":"2024-05-09T16:05:47","slug":"stationaere-leistungen","status":"publish","type":"page","link":"https:\/\/www.haustannenhof.de\/index.php\/stationaere-leistungen\/","title":{"rendered":"Station\u00e4re Leistungen"},"content":{"rendered":"\t\t<div data-elementor-type=\"wp-page\" data-elementor-id=\"444\" class=\"elementor elementor-444\">\n\t\t\t\t\t\t<section class=\"elementor-section elementor-top-section elementor-element elementor-element-7684421 elementor-section-boxed elementor-section-height-default elementor-section-height-default\" data-id=\"7684421\" data-element_type=\"section\" data-e-type=\"section\">\n\t\t\t\t\t\t<div class=\"elementor-container elementor-column-gap-default\">\n\t\t\t\t\t<div class=\"elementor-column elementor-col-100 elementor-top-column elementor-element elementor-element-2f944b4\" data-id=\"2f944b4\" data-element_type=\"column\" data-e-type=\"column\">\n\t\t\t<div class=\"elementor-widget-wrap elementor-element-populated\">\n\t\t\t\t\t\t<div class=\"elementor-element elementor-element-af43146 elementor-widget elementor-widget-heading\" data-id=\"af43146\" data-element_type=\"widget\" data-e-type=\"widget\" data-widget_type=\"heading.default\">\n\t\t\t\t<div class=\"elementor-widget-container\">\n\t\t\t\t\t<h2 class=\"elementor-heading-title elementor-size-default\">Station\u00e4re Leistungen<\/h2>\t\t\t\t<\/div>\n\t\t\t\t<\/div>\n\t\t\t\t\t<\/div>\n\t\t<\/div>\n\t\t\t\t\t<\/div>\n\t\t<\/section>\n\t\t\t\t<section class=\"elementor-section elementor-top-section elementor-element elementor-element-c123b8f elementor-section-boxed elementor-section-height-default elementor-section-height-default\" data-id=\"c123b8f\" data-element_type=\"section\" data-e-type=\"section\">\n\t\t\t\t\t\t<div class=\"elementor-container elementor-column-gap-default\">\n\t\t\t\t\t<div class=\"elementor-column elementor-col-100 elementor-top-column elementor-element elementor-element-4dc1d9a\" data-id=\"4dc1d9a\" data-element_type=\"column\" data-e-type=\"column\">\n\t\t\t<div class=\"elementor-widget-wrap elementor-element-populated\">\n\t\t\t\t\t\t<div class=\"elementor-element elementor-element-063fa18 elementor-widget elementor-widget-image\" data-id=\"063fa18\" data-element_type=\"widget\" data-e-type=\"widget\" data-widget_type=\"image.default\">\n\t\t\t\t<div class=\"elementor-widget-container\">\n\t\t\t\t\t\t\t\t\t\t\t\t\t\t\t<img fetchpriority=\"high\" decoding=\"async\" width=\"1200\" height=\"300\" src=\"https:\/\/www.haustannenhof.de\/wp-content\/uploads\/2021\/03\/SliderHaustannenhhof.png\" class=\"attachment-full size-full wp-image-43\" alt=\"\" srcset=\"https:\/\/www.haustannenhof.de\/wp-content\/uploads\/2021\/03\/SliderHaustannenhhof.png 1200w, https:\/\/www.haustannenhof.de\/wp-content\/uploads\/2021\/03\/SliderHaustannenhhof-300x75.png 300w, https:\/\/www.haustannenhof.de\/wp-content\/uploads\/2021\/03\/SliderHaustannenhhof-1024x256.png 1024w, https:\/\/www.haustannenhof.de\/wp-content\/uploads\/2021\/03\/SliderHaustannenhhof-768x192.png 768w\" sizes=\"(max-width: 1200px) 100vw, 1200px\" \/>\t\t\t\t\t\t\t\t\t\t\t\t\t\t\t<\/div>\n\t\t\t\t<\/div>\n\t\t\t\t\t<\/div>\n\t\t<\/div>\n\t\t\t\t\t<\/div>\n\t\t<\/section>\n\t\t\t\t<section class=\"elementor-section elementor-top-section elementor-element elementor-element-42f756e elementor-section-boxed elementor-section-height-default elementor-section-height-default\" data-id=\"42f756e\" data-element_type=\"section\" data-e-type=\"section\">\n\t\t\t\t\t\t<div class=\"elementor-container elementor-column-gap-default\">\n\t\t\t\t\t<div class=\"elementor-column elementor-col-100 elementor-top-column elementor-element elementor-element-bd3e932\" data-id=\"bd3e932\" data-element_type=\"column\" data-e-type=\"column\" data-settings=\"{&quot;background_background&quot;:&quot;classic&quot;}\">\n\t\t\t<div class=\"elementor-widget-wrap elementor-element-populated\">\n\t\t\t\t\t\t<div class=\"elementor-element elementor-element-58328ca elementor-widget elementor-widget-heading\" data-id=\"58328ca\" data-element_type=\"widget\" data-e-type=\"widget\" data-widget_type=\"heading.default\">\n\t\t\t\t<div class=\"elementor-widget-container\">\n\t\t\t\t\t<h2 class=\"elementor-heading-title elementor-size-default\">Die vollstation\u00e4re Pflege<\/h2>\t\t\t\t<\/div>\n\t\t\t\t<\/div>\n\t\t\t\t<div class=\"elementor-element elementor-element-88b4c95 elementor-widget elementor-widget-text-editor\" data-id=\"88b4c95\" data-element_type=\"widget\" data-e-type=\"widget\" data-widget_type=\"text-editor.default\">\n\t\t\t\t<div class=\"elementor-widget-container\">\n\t\t\t\t\t\t\t\t\t<p style=\"text-align: left;\"><strong>Vollstation\u00e4re Pflege ist eine Wohnform, in der 24 Stunden Pflege und Betreuung durch qualifiziertes Pflegepersonal erbracht werden. Die Pflege ist von Krohwinkel jetzt auf SIS umgestellt,\u00a0<\/strong><\/p><h4 class=\"header \" style=\"text-align: center;\">der\u00a0<span style=\"color: #ff0000;\">s<\/span>trukturierten <span style=\"color: #ff0000;\">I<\/span>nformations<span style=\"color: #ff0000;\">s<\/span>ammlung (<span style=\"color: #ff0000;\">SIS<\/span>)<\/h4><div class=\"b_module_expansion\"><div class=\"b_expansion_wrapper b_collapse b_onpage_expansion\" tabindex=\"0\" role=\"button\" aria-expanded=\"true\" data-bm=\"57\"><div class=\"b_expansion_text b_1linetrunc\" aria-label=\"Was ist \u201cSis\u201d in der Pflege?\"><strong>Was ist \u201cSIS\u201d in der Pflege?<\/strong><\/div><\/div><\/div><div id=\"wire1\" class=\"b_expandable_inline_container\" data-rinterval=\"-1\" data-errormessage=\"Wir k\u00f6nnen zurzeit keine weiteren Informationen zu dieser Seite finden\"><div class=\"df_alsocon b_primtxt\" data-tag=\"RelatedQnA.ItemDetails\"><div><div class=\"rwrl rwrl_small rwrl_padref\">Seit geraumer Zeit ist der Begriff \u201cSIS\u201d sowohl bei Pflege,- als auch bei F\u00fchrungskr\u00e4ften in aller Munde. Dabei wird \u201cSIS\u201d h\u00e4ufig gleichgesetzt mit dem Strukturmodell SIS zur Entb\u00fcrokratisierung der Pflegedokumentation. Allerdings ist die \u201cSIS\u201d, \u00e4hnlich wie die Expertenstandards, nur eines von vier Elementen, auf denen das Strukturmodell aufbaut.<\/div><div><div class=\"b_module_expansion\"><div class=\"b_expansion_wrapper b_collapse b_onpage_expansion\" tabindex=\"0\" role=\"button\" aria-expanded=\"true\"><div aria-label=\"Was ist ein Strukturmodell f\u00fcr eine Pflegedokumentation?\">\u00a0<\/div><div class=\"b_expansion_text b_1linetrunc\" aria-label=\"Was ist ein Strukturmodell f\u00fcr eine Pflegedokumentation?\">Was ist ein Strukturmodell f\u00fcr eine Pflegedokumentation?<\/div><\/div><\/div><div id=\"wire3\" class=\"b_expandable_inline_container\" data-rinterval=\"-1\" data-errormessage=\"Wir k\u00f6nnen zurzeit keine weiteren Informationen zu dieser Seite finden\"><div class=\"df_alsocon b_primtxt\" data-tag=\"RelatedQnA.ItemDetails\"><div><div class=\"rwrl rwrl_small rwrl_padref\"><img decoding=\"async\" class=\"emoji\" role=\"img\" draggable=\"false\" src=\"https:\/\/s.w.org\/images\/core\/emoji\/13.1.0\/svg\/25aa.svg\" alt=\"\u25aa\" \/> Das Strukturmodell ist zun\u00e4chst ein Konzept f\u00fcr die Pflegedokumentation zur Entlastung der Pflegenden. <img decoding=\"async\" class=\"emoji\" role=\"img\" draggable=\"false\" src=\"https:\/\/s.w.org\/images\/core\/emoji\/13.1.0\/svg\/25aa.svg\" alt=\"\u25aa\" \/> Eine neue Pflegedokumentation kann nicht \u201edie Pflege\u201c ver\u00e4ndern aber einen Perspektivwechsel unterst\u00fctzen. <img decoding=\"async\" class=\"emoji\" role=\"img\" draggable=\"false\" src=\"https:\/\/s.w.org\/images\/core\/emoji\/13.1.0\/svg\/25aa.svg\" alt=\"\u25aa\" \/> Und: Sie kann Hemmnisse und Fehlanreize auf dem Weg zu einer st\u00e4rker Person-Zentrierten Pflege beseitigen.\u00a0<\/div><div>\u00a0<\/div><div style=\"text-align: center;\"><strong>DIE VIER ELEMENTE DES STRUKTURMODELLS<\/strong><\/div><div>\u00a0<\/div><div>Grunds\u00e4tzlich erfordert die Neuausrichtung \/ Umstellung der Pflegedokumentation einen Paradigmenwechsel, denn als Grundlage stellen \u201enur noch\u201c vier Elemente den Pflegeprozess dar, die gleichzeitig die Dokumentationselemente bilden:<\/div><div style=\"text-align: start;\">\u00a0<\/div><div style=\"text-align: start;\"><span style=\"font-size: 14px; text-align: center; color: var( --e-global-color-text ); background-color: var( --e-global-color-secondary );\"><strong>\u00a0 \u00a0 \u00a0 \u00a0 \u00a0 \u00a0 \u00a0 \u00a0 \u00a0 \u00a0 \u00a0 \u00a0 \u00a0 \u00a0 \u00a0 \u00a0 \u00a0 \u00a0 \u00a0 \u00a0 \u00a0 \u00a0 \u00a0 Strukturierte Informationssammlung (SIS)<\/strong><\/span><\/div><\/div><\/div><div style=\"text-align: center;\"><strong>als Einstieg in den Pflegeprozess mit den Kernelementen:<\/strong><\/div><div style=\"text-align: center;\"><b>\u00a0<\/b><\/div><div style=\"text-align: center;\"><b>Element 1:<br \/><\/b>\u2022 Eigeneinsch\u00e4tzung der <br \/>pflegebed\u00fcrftigen Person<br \/>\u2022 Sechs Themenfelder zur <br \/>fachlichen Einsch\u00e4tzung<br \/>\u2022 Matrix f\u00fcr pflegesensitive <br \/>Risiken und Ph\u00e4nomene<br \/>Integration der Erfassung <br \/>betreuungs- und pflegerelevanter biograifischer <br \/>Aspekte innerhalb der Themenfelder.<\/div><div style=\"text-align: center;\">\u00a0<\/div><div style=\"text-align: center;\"><strong>Element 2:<\/strong><\/div><\/div><div style=\"text-align: center;\">\u00a0<\/div><div id=\"wire3\" class=\"b_expandable_inline_container\" data-rinterval=\"-1\" data-errormessage=\"Wir k\u00f6nnen zurzeit keine weiteren Informationen zu dieser Seite finden\"><div style=\"text-align: center;\">Individuelle Ma\u00dfnahmenplanung mit den Erkenntnissen aus der SIS<\/div><div>\u00a0<\/div><\/div><\/div><div style=\"text-align: center;\"><strong>Element 3:<\/strong><\/div><div>\u00a0<\/div><div><div id=\"wire3\" class=\"b_expandable_inline_container\" data-rinterval=\"-1\" data-errormessage=\"Wir k\u00f6nnen zurzeit keine weiteren Informationen zu dieser Seite finden\"><div style=\"text-align: center;\">Berichteblatt<br \/>mit der Fokussierung auf<br \/>\u2022 Abweichungen aus der SIS<br \/>\u2022 Abweichungen aus der <br \/>Ma\u00dfnahmenplanung <br \/>bzw. Abweichungen von <br \/>regelm\u00e4\u00dfig wiederkehrenden Ma\u00dfnahmen der <br \/>Betreuung und Grundpflege<br \/>\u2022 Aktuelle Ereignisse <br \/>\u2022 Weitere Beteiligte<\/div><div>\u00a0<\/div><div style=\"text-align: center;\"><strong>Element 4<\/strong><\/div><div>\u00a0<\/div><div style=\"text-align: center;\">Festlegung von Evaluationsdaten oder Zeitr\u00e4umen<br \/>\u2022 aus Erkenntnissen der SIS<br \/>\u2022 aus Erkenntnissen der <br \/>Ma\u00dfnahmenplanung<br \/>\u2022 aus Erkenntnissen des Berichteblattes<\/div><div style=\"text-align: center;\">\u00a0<\/div><div style=\"text-align: center;\">\u00a0usw.<\/div><\/div><div style=\"text-align: center;\">Wir werden Sie auf dem Laufenden halten.<\/div><div id=\"wire3\" class=\"b_expandable_inline_container\" data-rinterval=\"-1\" data-errormessage=\"Wir k\u00f6nnen zurzeit keine weiteren Informationen zu dieser Seite finden\"><div style=\"text-align: center;\">\u00a0<\/div><div class=\"df_alsocon b_primtxt\" data-tag=\"RelatedQnA.ItemDetails\"><div><div>\u00a0<\/div><\/div><\/div><\/div><\/div><\/div><\/div><\/div><p>Unsere Pflegedienstleiterin und stellv. Heimleitung ist Frau <a href=\"http:\/\/www.haustannenhof.de\/index.php\/kontakt\/pflegedienst\" rel=\"alternate\">Christina Jansenberger<\/a>, die Ihnen unter der Telefonnummer 02688-9514-16 gerne auch die eine oder andere Frage beatwortet.<\/p><p>Das Qualit\u00e4tsmanagement wird durch die Fachkraft und QM-Beauftragte Christine Hermani<a title=\"Jutta Merle\" href=\"https:\/\/www.merle-beratung.de\/\" rel=\"alternate\">\u00a0<\/a>begleitet.<\/p><p>Durch konzeptionell erarbeitete aktivierende Ma\u00dfnahmen des Sozialdienstes wird die Pflege unterst\u00fctzt. Ged\u00e4chtnistraining, kreatives Arbeiten, Kulturveranstaltungen, Ausfl\u00fcge, mehrt\u00e4tige Urlaubsfahrten usw. finden w\u00e4hrend der Pandemie in kleinem Rahmen statt.<\/p><p>Aufgenommen werden alle Pflegegrade, in Form von Kurzzeit-, Tages-und \u00dcbergangspflege.<\/p><p>Unsere MitarbeiterInnen in der Pflege werden st\u00e4ndig geschult und sind stets auf dem neuesten Stand.<\/p><p>Unser Haus wird j\u00e4hrlich\u00a0von der Heimaufsicht\u00a0(Bezirksregierung Koblenz) beraten\u00a0und auch vom MDK (medizinischer Dienst der Krankenkassen) gepr\u00fcft. &#8211; Letzte Pr\u00fcfung MDK = 25.02.2021<\/p>\t\t\t\t\t\t\t\t<\/div>\n\t\t\t\t<\/div>\n\t\t\t\t<div class=\"elementor-element elementor-element-a484a08 elementor-widget elementor-widget-text-editor\" data-id=\"a484a08\" data-element_type=\"widget\" data-e-type=\"widget\" data-widget_type=\"text-editor.default\">\n\t\t\t\t<div class=\"elementor-widget-container\">\n\t\t\t\t\t\t\t\t\t<p>&#8222;Grundlage allen pflegerischen Tuns ist die Achtung vor der W\u00fcrde und die Einzigartigkeit menschlichen Lebens.&#8220;<\/p><p>Ziel unserer Arbeit soll es sein, den uns anvertrauten Menschen das Gef\u00fchl zu geben, dass sie mit ihrer Bew\u00e4ltigungsarbeit nicht alleingelassen werden und dass ihre Konflikte mit sich selbst von uns und der Umwelt verstanden werden.<\/p><p>Die Freiheit zur Selbstbestimmung in einer oft fremdbestimmten Welt soll so weit wie m\u00f6glich gewahrt bleiben.<\/p><p>Eine nach neusten Erkenntnissen durchgef\u00fchrte ganzheitliche Pflege und Betreuung von K\u00f6rper, Geist und Seele ist eines der obersten Ziele unseres Hauses und wir wollen, das wir wertsch\u00e4tzend miteinander umgehen.<\/p><p>Angeh\u00f6rige und \u00c4rzte sind unsere Partner in der Sorge um das Wohlergehen unserer Bewohner.<\/p><p>Wir wollen ein Team sein, dass Erfahrungen untereinander austauscht, dass durch Weiterbildung vorhandene F\u00e4higkeiten und Kenntnisse vertieft und erweitert.<\/p><p>Die ganzheitliche Pflege und Betreuung wird von uns f\u00fcr jeden Bewohner individuell geplant, durch ein Dokumentationssystem unterst\u00fctzt und im Sinne der Qualit\u00e4tssicherung \u00fcberwacht und \u00fcberarbeitet.<\/p><p>Unser Team soll kooperativ und kritikf\u00e4hig sein, damit unsere Dualit\u00e4t steigt und kontinuierlich verbessert wird und letztlich zur Zufriedenheit unserer Mitarbeit und BewohnerInnen f\u00fchrt.<\/p>\t\t\t\t\t\t\t\t<\/div>\n\t\t\t\t<\/div>\n\t\t\t\t<div class=\"elementor-element elementor-element-90a0fa8 elementor-widget elementor-widget-text-editor\" data-id=\"90a0fa8\" data-element_type=\"widget\" data-e-type=\"widget\" data-widget_type=\"text-editor.default\">\n\t\t\t\t<div class=\"elementor-widget-container\">\n\t\t\t\t\t\t\t\t\t<p>&#8222;Grundlage allen pflegerischen Tuns ist die Achtung vor der W\u00fcrde und die Einzigartigkeit menschlichen Lebens.&#8220;<\/p><p>Ziel unserer Arbeit soll es sein, den uns anvertrauten Menschen das Gef\u00fchl zu geben, dass sie mit ihrer Bew\u00e4ltigungsarbeit nicht alleingelassen werden und dass ihre Konflikte mit sich selbst von uns und der Umwelt verstanden werden.<\/p><p>Die Freiheit zur Selbstbestimmung in einer oft fremdbestimmten Welt soll so weit wie m\u00f6glich gewahrt bleiben.<\/p><p>Eine nach neusten Erkenntnissen durchgef\u00fchrte ganzheitliche Pflege und Betreuung von K\u00f6rper, Geist und Seele ist eines der obersten Ziele unseres Hauses und wir wollen, das wir wertsch\u00e4tzend miteinander umgehen.<\/p><p>Angeh\u00f6rige und \u00c4rzte sind unsere Partner in der Sorge um das Wohlergehen unserer Bewohner.<\/p><p>Wir wollen ein Team sein, dass Erfahrungen untereinander austauscht, dass durch Weiterbildung vorhandene F\u00e4higkeiten und Kenntnisse vertieft und erweitert.<\/p><p>Die ganzheitliche Pflege und Betreuung wird von uns f\u00fcr jeden Bewohner individuell geplant, durch ein digitales Dokumentationssystem unterst\u00fctzt und auch im Sinne der Qualit\u00e4tssicherung \u00fcberwacht und \u00fcberarbeitet.<\/p><p>Unser Team soll kooperativ und kritikf\u00e4hig sein, damit unsere Dualit\u00e4t steigt und kontinuierlich verbessert wird und letztlich zur Zufriedenheit unserer Mitarbeit und BewohnerInnen f\u00fchrt.<\/p>\t\t\t\t\t\t\t\t<\/div>\n\t\t\t\t<\/div>\n\t\t\t\t\t<\/div>\n\t\t<\/div>\n\t\t\t\t\t<\/div>\n\t\t<\/section>\n\t\t\t\t<\/div>\n\t\t","protected":false},"excerpt":{"rendered":"<p>Station\u00e4re Leistungen Die vollstation\u00e4re Pflege Vollstation\u00e4re Pflege ist eine Wohnform, in der 24 Stunden Pflege und Betreuung durch qualifiziertes Pflegepersonal erbracht werden. Die Pflege ist von Krohwinkel jetzt auf SIS umgestellt,\u00a0 der\u00a0strukturierten Informationssammlung (SIS) Was ist \u201cSIS\u201d in der Pflege?Seit geraumer Zeit ist der Begriff \u201cSIS\u201d sowohl bei Pflege,- als auch bei F\u00fchrungskr\u00e4ften in aller [&hellip;]<\/p>\n","protected":false},"author":1,"featured_media":0,"parent":0,"menu_order":0,"comment_status":"closed","ping_status":"closed","template":"","meta":{"ocean_post_layout":"","ocean_both_sidebars_style":"","ocean_both_sidebars_content_width":0,"ocean_both_sidebars_sidebars_width":0,"ocean_sidebar":"","ocean_second_sidebar":"","ocean_disable_margins":"enable","ocean_add_body_class":"","ocean_shortcode_before_top_bar":"","ocean_shortcode_after_top_bar":"","ocean_shortcode_before_header":"","ocean_shortcode_after_header":"","ocean_has_shortcode":"","ocean_shortcode_after_title":"","ocean_shortcode_before_footer_widgets":"","ocean_shortcode_after_footer_widgets":"","ocean_shortcode_before_footer_bottom":"","ocean_shortcode_after_footer_bottom":"","ocean_display_top_bar":"default","ocean_display_header":"default","ocean_header_style":"","ocean_center_header_left_menu":"","ocean_custom_header_template":"","ocean_custom_logo":0,"ocean_custom_retina_logo":0,"ocean_custom_logo_max_width":0,"ocean_custom_logo_tablet_max_width":0,"ocean_custom_logo_mobile_max_width":0,"ocean_custom_logo_max_height":0,"ocean_custom_logo_tablet_max_height":0,"ocean_custom_logo_mobile_max_height":0,"ocean_header_custom_menu":"","ocean_menu_typo_font_family":"","ocean_menu_typo_font_subset":"","ocean_menu_typo_font_size":0,"ocean_menu_typo_font_size_tablet":0,"ocean_menu_typo_font_size_mobile":0,"ocean_menu_typo_font_size_unit":"px","ocean_menu_typo_font_weight":"","ocean_menu_typo_font_weight_tablet":"","ocean_menu_typo_font_weight_mobile":"","ocean_menu_typo_transform":"","ocean_menu_typo_transform_tablet":"","ocean_menu_typo_transform_mobile":"","ocean_menu_typo_line_height":0,"ocean_menu_typo_line_height_tablet":0,"ocean_menu_typo_line_height_mobile":0,"ocean_menu_typo_line_height_unit":"","ocean_menu_typo_spacing":0,"ocean_menu_typo_spacing_tablet":0,"ocean_menu_typo_spacing_mobile":0,"ocean_menu_typo_spacing_unit":"","ocean_menu_link_color":"","ocean_menu_link_color_hover":"","ocean_menu_link_color_active":"","ocean_menu_link_background":"","ocean_menu_link_hover_background":"","ocean_menu_link_active_background":"","ocean_menu_social_links_bg":"","ocean_menu_social_hover_links_bg":"","ocean_menu_social_links_color":"","ocean_menu_social_hover_links_color":"","ocean_disable_title":"default","ocean_disable_heading":"default","ocean_post_title":"","ocean_post_subheading":"","ocean_post_title_style":"","ocean_post_title_background_color":"","ocean_post_title_background":0,"ocean_post_title_bg_image_position":"","ocean_post_title_bg_image_attachment":"","ocean_post_title_bg_image_repeat":"","ocean_post_title_bg_image_size":"","ocean_post_title_height":0,"ocean_post_title_bg_overlay":0.5,"ocean_post_title_bg_overlay_color":"","ocean_disable_breadcrumbs":"default","ocean_breadcrumbs_color":"","ocean_breadcrumbs_separator_color":"","ocean_breadcrumbs_links_color":"","ocean_breadcrumbs_links_hover_color":"","ocean_display_footer_widgets":"default","ocean_display_footer_bottom":"default","ocean_custom_footer_template":"","footnotes":""},"class_list":["post-444","page","type-page","status-publish","hentry","entry"],"_links":{"self":[{"href":"https:\/\/www.haustannenhof.de\/index.php\/wp-json\/wp\/v2\/pages\/444","targetHints":{"allow":["GET"]}}],"collection":[{"href":"https:\/\/www.haustannenhof.de\/index.php\/wp-json\/wp\/v2\/pages"}],"about":[{"href":"https:\/\/www.haustannenhof.de\/index.php\/wp-json\/wp\/v2\/types\/page"}],"author":[{"embeddable":true,"href":"https:\/\/www.haustannenhof.de\/index.php\/wp-json\/wp\/v2\/users\/1"}],"replies":[{"embeddable":true,"href":"https:\/\/www.haustannenhof.de\/index.php\/wp-json\/wp\/v2\/comments?post=444"}],"version-history":[{"count":25,"href":"https:\/\/www.haustannenhof.de\/index.php\/wp-json\/wp\/v2\/pages\/444\/revisions"}],"predecessor-version":[{"id":1704,"href":"https:\/\/www.haustannenhof.de\/index.php\/wp-json\/wp\/v2\/pages\/444\/revisions\/1704"}],"wp:attachment":[{"href":"https:\/\/www.haustannenhof.de\/index.php\/wp-json\/wp\/v2\/media?parent=444"}],"curies":[{"name":"wp","href":"https:\/\/api.w.org\/{rel}","templated":true}]}}