{"id":429,"date":"2021-03-11T08:39:21","date_gmt":"2021-03-11T08:39:21","guid":{"rendered":"http:\/\/www.haustannenhof.de\/?page_id=429"},"modified":"2026-03-26T04:38:07","modified_gmt":"2026-03-26T04:38:07","slug":"leistungen","status":"publish","type":"page","link":"https:\/\/www.haustannenhof.de\/index.php\/leistungen\/","title":{"rendered":"Leistungen"},"content":{"rendered":"\t\t<div data-elementor-type=\"wp-page\" data-elementor-id=\"429\" class=\"elementor elementor-429\">\n\t\t\t\t\t\t<section class=\"elementor-section elementor-top-section elementor-element elementor-element-8319d33 elementor-section-boxed elementor-section-height-default elementor-section-height-default\" data-id=\"8319d33\" data-element_type=\"section\" data-e-type=\"section\">\n\t\t\t\t\t\t<div class=\"elementor-container elementor-column-gap-default\">\n\t\t\t\t\t<div class=\"elementor-column elementor-col-100 elementor-top-column elementor-element elementor-element-3aa9593\" data-id=\"3aa9593\" data-element_type=\"column\" data-e-type=\"column\">\n\t\t\t<div class=\"elementor-widget-wrap elementor-element-populated\">\n\t\t\t\t\t\t<div class=\"elementor-element elementor-element-98ad2f2 elementor-widget elementor-widget-heading\" data-id=\"98ad2f2\" data-element_type=\"widget\" data-e-type=\"widget\" data-widget_type=\"heading.default\">\n\t\t\t\t<div class=\"elementor-widget-container\">\n\t\t\t\t\t<h2 class=\"elementor-heading-title elementor-size-default\">\u00dcbersicht enthaltener Leistungen<\/h2>\t\t\t\t<\/div>\n\t\t\t\t<\/div>\n\t\t\t\t\t<\/div>\n\t\t<\/div>\n\t\t\t\t\t<\/div>\n\t\t<\/section>\n\t\t\t\t<section class=\"elementor-section elementor-top-section elementor-element elementor-element-c8b7e71 elementor-section-boxed elementor-section-height-default elementor-section-height-default\" data-id=\"c8b7e71\" data-element_type=\"section\" data-e-type=\"section\">\n\t\t\t\t\t\t<div class=\"elementor-container elementor-column-gap-default\">\n\t\t\t\t\t<div class=\"elementor-column elementor-col-100 elementor-top-column elementor-element elementor-element-a47c438\" data-id=\"a47c438\" data-element_type=\"column\" data-e-type=\"column\" data-settings=\"{&quot;background_background&quot;:&quot;classic&quot;}\">\n\t\t\t<div class=\"elementor-widget-wrap elementor-element-populated\">\n\t\t\t\t\t\t<div class=\"elementor-element elementor-element-641ec53 elementor-widget elementor-widget-text-editor\" data-id=\"641ec53\" data-element_type=\"widget\" data-e-type=\"widget\" data-widget_type=\"text-editor.default\">\n\t\t\t\t<div class=\"elementor-widget-container\">\n\t\t\t\t\t\t\t\t\t<ul><li>Grundpflege<\/li><li>Behandlung nach \u00e4rztlicher Anordnung<\/li><li>Freie Arzt- und auch Apothekenwahl\u00a0<\/li><li>Therapeutische und rehabilitative Leistungen nach \u00e4rztlicher Verordnung<\/li><li>Vollpension mit vier Mahlzeiten, bei Bedarf wird eine Sp\u00e4tmahlzeit geboten<\/li><li>Pers\u00f6nliche Betreuung durch unseren Sozialdienst<\/li><li>Bettw\u00e4sche, Handt\u00fccher, Waschlappen werden gestellt.\u00a0<\/li><li>Im Pflegesatz sind Nebenkosten wie: Strom, Heizung, Wasser und\u00a0 Reinigung\u00a0enthalten.<\/li><li>\u00dcber die Mahlzeiten hinaus sind Getr\u00e4nke aus dem Saftautomat und Wasser\u00a0 kostenlos.<\/li><li>Hilfeleistung im technischen Bereich durch den Hausmeister<\/li><\/ul><p>Weitere Details erfahren Sie bei den Damen der Verwaltung oder bei unserem Sozialdienst.<\/p><p><strong>Unser Haus verf\u00fcgt \u00fcber eine (Hin-)Weglaufmeldeanlage (SGW) f\u00fcr (hin-)weglauftendierte Bewohner\/innen mit Beschluss\u00a0 sowie \u00fcber ein GPS-Leitsystem f\u00fcr Bewohner, die selbstst\u00e4ndig laufen und nur leichte Koordinationsprobleme haben und diese Hilfe w\u00fcnschen.<\/strong><\/p><p><strong>Dem Pflegedienst angeschlossen sind auch die Betreuungsleistungen nach den \u00a7\u00a7 43b, 53c STGB XI\u00a0<\/strong><\/p><h1><strong>Zus\u00e4tzliche Betreuungskr\u00e4fte\u00a0 <\/strong><strong>(Bei uns t\u00e4gl. im Einsatz, auch Sa., So. und Feiertags)<\/strong><\/h1><div id=\"c3339\" class=\"csc-default\"><div class=\"tx-dce-container\"><div class=\"tx-dce-pi1\"><p class=\"lead\">Voll- und teilstation\u00e4re Pflegeeinrichtungen konnten schon bisher zus\u00e4tzliche Betreuungskr\u00e4fte anstellen, die das Angebot an Betreuung und Aktivierung f\u00fcr Pflegebed\u00fcrftige mit eingeschr\u00e4nkter Alltagskompetenz erg\u00e4nzten. Im Rahmen des Ersten Pflegest\u00e4rkungsgesetzes, das am 1. Januar 2015 in Kraft trat, stehen diese zus\u00e4tzlichen Betreuungsangebote allen pflegebed\u00fcrftigen Bewohnerinnen und Bewohnern beziehungsweise Pflegeg\u00e4sten offen.<\/p><\/div><\/div><\/div><div class=\"col-xs-12 col-sm-10 col-sm-offset-1 col-md-8 col-md-offset-2\"><div id=\"c3340\" class=\"csc-default\"><p>In enger Kooperation und fachlicher Absprache mit den Pflegekr\u00e4ften und den Pflegeteams betreuen und begleiten die zus\u00e4tzlichen Betreuungskr\u00e4fte <abbr title=\"zum Beispiel\">z. B.<\/abbr> beim Lesen, beim Basteln, beim Spazierengehen oder zu kulturellen Veranstaltungen. Es soll erreicht werden, dass den betroffenen Bewohnerinnen und Bewohnern <abbr title=\"beziehungsweise\">bzw<\/abbr>. Pflegeg\u00e4sten durch zus\u00e4tzliche Betreuung und Aktivierung mehr Zuwendung und eine h\u00f6here Wertsch\u00e4tzung entgegen gebracht, mehr Austausch mit anderen Menschen und mehr Teilhabe am Leben in der Gemeinschaft erm\u00f6glicht wird. Pflegerische Aufgaben geh\u00f6ren hingegen nicht zum Aufgabenbereich der zus\u00e4tzlichen Betreuungskr\u00e4fte.<\/p><p>Die Kosten f\u00fcr das Zusatzpersonal werden durch die gesetzlichen und privaten Pflegekassen getragen. Die Pflegekassen haben mit den station\u00e4ren Pflegeeinrichtungen die entsprechenden Verg\u00fctungszuschl\u00e4ge nach \u00a7 43b (53c) Elftes Buch Sozialgesetzbuch (<acronym lang=\"\" title=\"Elftes Buch des Sozialgesetzbuches\" xml:lang=\"\">SGB XI<\/acronym>) zur Finanzierung der Personalaufwendungen f\u00fcr die zus\u00e4tzlichen Betreuungskr\u00e4fte in der erforderlichen H\u00f6he vertraglich zu vereinbaren.<\/p><p>Die Grunds\u00e4tze der Arbeit und Aufgaben der zus\u00e4tzlichen Betreuungskr\u00e4fte in station\u00e4ren Pflegeeinrichtungen sind in den Richtlinien zur Qualifikation und zu den Aufgaben von zus\u00e4tzlichen Betreuungskr\u00e4ften in station\u00e4ren Pflegeeinrichtungen (Betreuungskr\u00e4fte-<acronym lang=\"\" title=\"Richtlinie\" xml:lang=\"\">RL<\/acronym>) nach \u00a7 87 b <abbr title=\"Absatz\">Abs.<\/abbr> 3 <acronym lang=\"\" title=\"Elftes Buch des Sozialgesetzbuches\" xml:lang=\"\">SGB XI<\/acronym> geregelt. Diese werden vom <acronym lang=\"\" title=\"Gesetzliche Krankenversicherung\" xml:lang=\"\">GKV<\/acronym>-Spitzenverband beschlossen und vom Bundesministerium f\u00fcr Gesundheit genehmigt (zuletzt am 29. Dezember 2014). Die angepassten Richtlinien sind am 1. Januar 2015 in Kraft getreten<\/p><\/div><\/div>\t\t\t\t\t\t\t\t<\/div>\n\t\t\t\t<\/div>\n\t\t\t\t\t<\/div>\n\t\t<\/div>\n\t\t\t\t\t<\/div>\n\t\t<\/section>\n\t\t\t\t<\/div>\n\t\t","protected":false},"excerpt":{"rendered":"<p>\u00dcbersicht enthaltener Leistungen Grundpflege Behandlung nach \u00e4rztlicher Anordnung Freie Arzt- und auch Apothekenwahl\u00a0 Therapeutische und rehabilitative Leistungen nach \u00e4rztlicher Verordnung Vollpension mit vier Mahlzeiten, bei Bedarf wird eine Sp\u00e4tmahlzeit geboten Pers\u00f6nliche Betreuung durch unseren Sozialdienst Bettw\u00e4sche, Handt\u00fccher, Waschlappen werden gestellt.\u00a0 Im Pflegesatz sind Nebenkosten wie: Strom, Heizung, Wasser und\u00a0 Reinigung\u00a0enthalten. \u00dcber die Mahlzeiten hinaus sind [&hellip;]<\/p>\n","protected":false},"author":1,"featured_media":0,"parent":0,"menu_order":0,"comment_status":"closed","ping_status":"closed","template":"","meta":{"ocean_post_layout":"","ocean_both_sidebars_style":"","ocean_both_sidebars_content_width":0,"ocean_both_sidebars_sidebars_width":0,"ocean_sidebar":"","ocean_second_sidebar":"","ocean_disable_margins":"enable","ocean_add_body_class":"","ocean_shortcode_before_top_bar":"","ocean_shortcode_after_top_bar":"","ocean_shortcode_before_header":"","ocean_shortcode_after_header":"","ocean_has_shortcode":"","ocean_shortcode_after_title":"","ocean_shortcode_before_footer_widgets":"","ocean_shortcode_after_footer_widgets":"","ocean_shortcode_before_footer_bottom":"","ocean_shortcode_after_footer_bottom":"","ocean_display_top_bar":"default","ocean_display_header":"default","ocean_header_style":"","ocean_center_header_left_menu":"","ocean_custom_header_template":"","ocean_custom_logo":0,"ocean_custom_retina_logo":0,"ocean_custom_logo_max_width":0,"ocean_custom_logo_tablet_max_width":0,"ocean_custom_logo_mobile_max_width":0,"ocean_custom_logo_max_height":0,"ocean_custom_logo_tablet_max_height":0,"ocean_custom_logo_mobile_max_height":0,"ocean_header_custom_menu":"","ocean_menu_typo_font_family":"","ocean_menu_typo_font_subset":"","ocean_menu_typo_font_size":0,"ocean_menu_typo_font_size_tablet":0,"ocean_menu_typo_font_size_mobile":0,"ocean_menu_typo_font_size_unit":"px","ocean_menu_typo_font_weight":"","ocean_menu_typo_font_weight_tablet":"","ocean_menu_typo_font_weight_mobile":"","ocean_menu_typo_transform":"","ocean_menu_typo_transform_tablet":"","ocean_menu_typo_transform_mobile":"","ocean_menu_typo_line_height":0,"ocean_menu_typo_line_height_tablet":0,"ocean_menu_typo_line_height_mobile":0,"ocean_menu_typo_line_height_unit":"","ocean_menu_typo_spacing":0,"ocean_menu_typo_spacing_tablet":0,"ocean_menu_typo_spacing_mobile":0,"ocean_menu_typo_spacing_unit":"","ocean_menu_link_color":"","ocean_menu_link_color_hover":"","ocean_menu_link_color_active":"","ocean_menu_link_background":"","ocean_menu_link_hover_background":"","ocean_menu_link_active_background":"","ocean_menu_social_links_bg":"","ocean_menu_social_hover_links_bg":"","ocean_menu_social_links_color":"","ocean_menu_social_hover_links_color":"","ocean_disable_title":"default","ocean_disable_heading":"default","ocean_post_title":"","ocean_post_subheading":"","ocean_post_title_style":"","ocean_post_title_background_color":"","ocean_post_title_background":0,"ocean_post_title_bg_image_position":"","ocean_post_title_bg_image_attachment":"","ocean_post_title_bg_image_repeat":"","ocean_post_title_bg_image_size":"","ocean_post_title_height":0,"ocean_post_title_bg_overlay":0.5,"ocean_post_title_bg_overlay_color":"","ocean_disable_breadcrumbs":"default","ocean_breadcrumbs_color":"","ocean_breadcrumbs_separator_color":"","ocean_breadcrumbs_links_color":"","ocean_breadcrumbs_links_hover_color":"","ocean_display_footer_widgets":"default","ocean_display_footer_bottom":"default","ocean_custom_footer_template":"","footnotes":""},"class_list":["post-429","page","type-page","status-publish","hentry","entry"],"_links":{"self":[{"href":"https:\/\/www.haustannenhof.de\/index.php\/wp-json\/wp\/v2\/pages\/429","targetHints":{"allow":["GET"]}}],"collection":[{"href":"https:\/\/www.haustannenhof.de\/index.php\/wp-json\/wp\/v2\/pages"}],"about":[{"href":"https:\/\/www.haustannenhof.de\/index.php\/wp-json\/wp\/v2\/types\/page"}],"author":[{"embeddable":true,"href":"https:\/\/www.haustannenhof.de\/index.php\/wp-json\/wp\/v2\/users\/1"}],"replies":[{"embeddable":true,"href":"https:\/\/www.haustannenhof.de\/index.php\/wp-json\/wp\/v2\/comments?post=429"}],"version-history":[{"count":40,"href":"https:\/\/www.haustannenhof.de\/index.php\/wp-json\/wp\/v2\/pages\/429\/revisions"}],"predecessor-version":[{"id":1799,"href":"https:\/\/www.haustannenhof.de\/index.php\/wp-json\/wp\/v2\/pages\/429\/revisions\/1799"}],"wp:attachment":[{"href":"https:\/\/www.haustannenhof.de\/index.php\/wp-json\/wp\/v2\/media?parent=429"}],"curies":[{"name":"wp","href":"https:\/\/api.w.org\/{rel}","templated":true}]}}