{"id":1143,"date":"2021-06-04T16:44:32","date_gmt":"2021-06-04T16:44:32","guid":{"rendered":"https:\/\/www.haustannenhof.de\/?page_id=1143"},"modified":"2023-03-28T12:44:36","modified_gmt":"2023-03-28T12:44:36","slug":"pinnwand-2","status":"publish","type":"page","link":"https:\/\/www.haustannenhof.de\/index.php\/pinnwand-2\/","title":{"rendered":"Pinnwand"},"content":{"rendered":"\t\t<div data-elementor-type=\"wp-page\" data-elementor-id=\"1143\" class=\"elementor elementor-1143\">\n\t\t\t\t\t\t<section class=\"elementor-section elementor-top-section elementor-element elementor-element-686533d elementor-section-boxed elementor-section-height-default elementor-section-height-default\" data-id=\"686533d\" data-element_type=\"section\" data-e-type=\"section\">\n\t\t\t\t\t\t<div class=\"elementor-container elementor-column-gap-default\">\n\t\t\t\t\t<div class=\"elementor-column elementor-col-100 elementor-top-column elementor-element elementor-element-a60bb05\" data-id=\"a60bb05\" data-element_type=\"column\" data-e-type=\"column\">\n\t\t\t<div class=\"elementor-widget-wrap elementor-element-populated\">\n\t\t\t\t\t\t<div class=\"elementor-element elementor-element-a622651 elementor-widget elementor-widget-heading\" data-id=\"a622651\" data-element_type=\"widget\" data-e-type=\"widget\" data-widget_type=\"heading.default\">\n\t\t\t\t<div class=\"elementor-widget-container\">\n\t\t\t\t\t<h2 class=\"elementor-heading-title elementor-size-default\">Pinnwand<\/h2>\t\t\t\t<\/div>\n\t\t\t\t<\/div>\n\t\t\t\t\t<\/div>\n\t\t<\/div>\n\t\t\t\t\t<\/div>\n\t\t<\/section>\n\t\t\t\t<section class=\"elementor-section elementor-top-section elementor-element elementor-element-f26d982 elementor-section-boxed elementor-section-height-default elementor-section-height-default\" data-id=\"f26d982\" data-element_type=\"section\" data-e-type=\"section\">\n\t\t\t\t\t\t<div class=\"elementor-container elementor-column-gap-default\">\n\t\t\t\t\t<div class=\"elementor-column elementor-col-100 elementor-top-column elementor-element elementor-element-5edd2aa\" data-id=\"5edd2aa\" data-element_type=\"column\" data-e-type=\"column\">\n\t\t\t<div class=\"elementor-widget-wrap elementor-element-populated\">\n\t\t\t\t\t\t<section class=\"elementor-section elementor-inner-section elementor-element elementor-element-80fcace elementor-section-boxed elementor-section-height-default elementor-section-height-default\" data-id=\"80fcace\" data-element_type=\"section\" data-e-type=\"section\">\n\t\t\t\t\t\t<div class=\"elementor-container elementor-column-gap-default\">\n\t\t\t\t\t<div class=\"elementor-column elementor-col-100 elementor-inner-column elementor-element elementor-element-c2b8b26\" data-id=\"c2b8b26\" data-element_type=\"column\" data-e-type=\"column\">\n\t\t\t<div class=\"elementor-widget-wrap elementor-element-populated\">\n\t\t\t\t\t\t<div class=\"elementor-element elementor-element-da5a79a elementor-widget elementor-widget-text-editor\" data-id=\"da5a79a\" data-element_type=\"widget\" data-e-type=\"widget\" data-widget_type=\"text-editor.default\">\n\t\t\t\t<div class=\"elementor-widget-container\">\n\t\t\t\t\t\t\t\t\t<h2 style=\"text-align: center;\">Gille\u00a0 Kunst<\/h2><h2 style=\"text-align: center;\">von Winfried Gille<\/h2><p style=\"text-align: center;\"><strong>Auf der Bitz 6<\/strong><br \/><strong>57629 Heimborn<\/strong><br \/><strong>Tel. 02688 9875447<\/strong><br \/><strong>E-Mail: Winfried.Gille@t-online.de<\/strong><\/p>\t\t\t\t\t\t\t\t<\/div>\n\t\t\t\t<\/div>\n\t\t\t\t<div class=\"elementor-element elementor-element-7b266e7 elementor-widget elementor-widget-image\" data-id=\"7b266e7\" data-element_type=\"widget\" data-e-type=\"widget\" data-widget_type=\"image.default\">\n\t\t\t\t<div class=\"elementor-widget-container\">\n\t\t\t\t\t\t\t\t\t\t\t\t\t\t\t<img fetchpriority=\"high\" decoding=\"async\" width=\"300\" height=\"215\" src=\"https:\/\/www.haustannenhof.de\/wp-content\/uploads\/2021\/03\/Corona4-300x215.jpg\" class=\"attachment-medium size-medium wp-image-740\" alt=\"\" srcset=\"https:\/\/www.haustannenhof.de\/wp-content\/uploads\/2021\/03\/Corona4-300x215.jpg 300w, https:\/\/www.haustannenhof.de\/wp-content\/uploads\/2021\/03\/Corona4-1024x736.jpg 1024w, https:\/\/www.haustannenhof.de\/wp-content\/uploads\/2021\/03\/Corona4-768x552.jpg 768w, https:\/\/www.haustannenhof.de\/wp-content\/uploads\/2021\/03\/Corona4.jpg 1033w\" sizes=\"(max-width: 300px) 100vw, 300px\" \/>\t\t\t\t\t\t\t\t\t\t\t\t\t\t\t<\/div>\n\t\t\t\t<\/div>\n\t\t\t\t\t<\/div>\n\t\t<\/div>\n\t\t\t\t\t<\/div>\n\t\t<\/section>\n\t\t\t\t<div class=\"elementor-element elementor-element-9e44a82 elementor-widget elementor-widget-text-editor\" data-id=\"9e44a82\" data-element_type=\"widget\" data-e-type=\"widget\" data-widget_type=\"text-editor.default\">\n\t\t\t\t<div class=\"elementor-widget-container\">\n\t\t\t\t\t\t\t\t\t<p>.<\/p><h3 style=\"text-align: center;\"><span style=\"color: #800000;\"><strong><span class=\"zitat\">\u00bbDas Erschaffen von Skulpturen bedeutet, Augenblicke der Inspiration greifbar zu machen.\u00ab<\/span><\/strong><\/span><\/h3><p>\u00bbObwohl er vorzugsweise mit schwerem Metall in dunklen Farbt\u00f6nen arbeitet, wirken seine Skulpturen geradezu fragil. Sie ordnen sich dem Raum unter und genau das ist auch Gilles Absicht. Aus der N\u00e4he betrachtet m\u00fcssen seine Arbeiten jedenfalls nicht f\u00fcrchten, \u00fcbersehen zu werden. Dazu trifft Gille viel zu sehr den Nerv. Das gest\u00f6rte Verh\u00e4ltnis vom Menschen zur Natur ist ein Thema, das ihn schon l\u00e4nger besch\u00e4ftigt. Gille \u00fcbt mit seinen Skulpturen offensichtlich Kritik, aber nie plakativ, sondern immer mit einem freundlichen Augenzwinkern. Abgesehen von den eindeutigen Inhalten funktionieren Gilles harmonische Arbeiten auch immer rein formal.\u00ab<\/p><p>Der Mensch in Coronazeiten und der Umgang mit der Pandemie, das dr\u00fcck die von dem K\u00fcnstler aufgestellten Skulptur in vollem Umfang aus. Die Welt, der Mensch, das Herz, das Virus &#8230;<\/p>\t\t\t\t\t\t\t\t<\/div>\n\t\t\t\t<\/div>\n\t\t\t\t<div class=\"elementor-element elementor-element-3f4e850 elementor-widget elementor-widget-text-editor\" data-id=\"3f4e850\" data-element_type=\"widget\" data-e-type=\"widget\" data-widget_type=\"text-editor.default\">\n\t\t\t\t<div class=\"elementor-widget-container\">\n\t\t\t\t\t\t\t\t\t<h1 style=\"text-align: center;\"><span style=\"color: #008000;\"><em><strong>Unser neuer Bus mit allen Austattungen wie:\u00a0<\/strong><\/em><\/span><\/h1><p>Vorne und hintern Standheizung und Klimaanlage, Hochdach, &#8222;Quick-change&#8220; Sitzmodule, Trittstufe seitw\u00e4rts, Auffahrrampe hinten, Heckt\u00fcrscheinwerfer, Langer Radstand, und volle Austattung in der Bedientechnik.\u00a0<\/p>\t\t\t\t\t\t\t\t<\/div>\n\t\t\t\t<\/div>\n\t\t\t\t\t<\/div>\n\t\t<\/div>\n\t\t\t\t\t<\/div>\n\t\t<\/section>\n\t\t\t\t<section class=\"elementor-section elementor-top-section elementor-element elementor-element-a7f159b elementor-section-boxed elementor-section-height-default elementor-section-height-default\" data-id=\"a7f159b\" data-element_type=\"section\" data-e-type=\"section\">\n\t\t\t\t\t\t<div class=\"elementor-container elementor-column-gap-default\">\n\t\t\t\t\t<div class=\"elementor-column elementor-col-33 elementor-top-column elementor-element elementor-element-d903472\" data-id=\"d903472\" data-element_type=\"column\" data-e-type=\"column\">\n\t\t\t<div class=\"elementor-widget-wrap elementor-element-populated\">\n\t\t\t\t\t\t<div class=\"elementor-element elementor-element-8273a85 elementor-widget elementor-widget-image\" data-id=\"8273a85\" data-element_type=\"widget\" data-e-type=\"widget\" data-widget_type=\"image.default\">\n\t\t\t\t<div class=\"elementor-widget-container\">\n\t\t\t\t\t\t\t\t\t\t\t\t\t\t\t<img decoding=\"async\" width=\"250\" height=\"188\" src=\"https:\/\/www.haustannenhof.de\/wp-content\/uploads\/2021\/03\/ford3.jpg\" class=\"attachment-medium size-medium wp-image-749\" alt=\"\" \/>\t\t\t\t\t\t\t\t\t\t\t\t\t\t\t<\/div>\n\t\t\t\t<\/div>\n\t\t\t\t\t<\/div>\n\t\t<\/div>\n\t\t\t\t<div class=\"elementor-column elementor-col-33 elementor-top-column elementor-element elementor-element-d439755\" data-id=\"d439755\" data-element_type=\"column\" data-e-type=\"column\">\n\t\t\t<div class=\"elementor-widget-wrap elementor-element-populated\">\n\t\t\t\t\t\t<div class=\"elementor-element elementor-element-0030331 elementor-widget elementor-widget-image\" data-id=\"0030331\" data-element_type=\"widget\" data-e-type=\"widget\" data-widget_type=\"image.default\">\n\t\t\t\t<div class=\"elementor-widget-container\">\n\t\t\t\t\t\t\t\t\t\t\t\t\t\t\t<img decoding=\"async\" width=\"225\" height=\"300\" src=\"https:\/\/www.haustannenhof.de\/wp-content\/uploads\/2021\/03\/ford2-225x300.jpg\" class=\"attachment-medium size-medium wp-image-748\" alt=\"unser neuer Bus\" srcset=\"https:\/\/www.haustannenhof.de\/wp-content\/uploads\/2021\/03\/ford2-225x300.jpg 225w, https:\/\/www.haustannenhof.de\/wp-content\/uploads\/2021\/03\/ford2.jpg 250w\" sizes=\"(max-width: 225px) 100vw, 225px\" \/>\t\t\t\t\t\t\t\t\t\t\t\t\t\t\t<\/div>\n\t\t\t\t<\/div>\n\t\t\t\t<section class=\"elementor-section elementor-inner-section elementor-element elementor-element-51cd4cc elementor-section-boxed elementor-section-height-default elementor-section-height-default\" data-id=\"51cd4cc\" data-element_type=\"section\" data-e-type=\"section\">\n\t\t\t\t\t\t<div class=\"elementor-container elementor-column-gap-default\">\n\t\t\t\t\t<div class=\"elementor-column elementor-col-50 elementor-inner-column elementor-element elementor-element-a972d20\" data-id=\"a972d20\" data-element_type=\"column\" data-e-type=\"column\">\n\t\t\t<div class=\"elementor-widget-wrap\">\n\t\t\t\t\t\t\t<\/div>\n\t\t<\/div>\n\t\t\t\t<div class=\"elementor-column elementor-col-50 elementor-inner-column elementor-element elementor-element-4b14a56\" data-id=\"4b14a56\" data-element_type=\"column\" data-e-type=\"column\">\n\t\t\t<div class=\"elementor-widget-wrap\">\n\t\t\t\t\t\t\t<\/div>\n\t\t<\/div>\n\t\t\t\t\t<\/div>\n\t\t<\/section>\n\t\t\t\t\t<\/div>\n\t\t<\/div>\n\t\t\t\t<div class=\"elementor-column elementor-col-33 elementor-top-column elementor-element elementor-element-d35263b\" data-id=\"d35263b\" data-element_type=\"column\" data-e-type=\"column\">\n\t\t\t<div class=\"elementor-widget-wrap elementor-element-populated\">\n\t\t\t\t\t\t<div class=\"elementor-element elementor-element-6debc04 elementor-widget elementor-widget-image\" data-id=\"6debc04\" data-element_type=\"widget\" data-e-type=\"widget\" data-widget_type=\"image.default\">\n\t\t\t\t<div class=\"elementor-widget-container\">\n\t\t\t\t\t\t\t\t\t\t\t\t\t\t\t<img loading=\"lazy\" decoding=\"async\" width=\"250\" height=\"188\" src=\"https:\/\/www.haustannenhof.de\/wp-content\/uploads\/2021\/03\/ford4.jpg\" class=\"attachment-large size-large wp-image-750\" alt=\"\" \/>\t\t\t\t\t\t\t\t\t\t\t\t\t\t\t<\/div>\n\t\t\t\t<\/div>\n\t\t\t\t\t<\/div>\n\t\t<\/div>\n\t\t\t\t\t<\/div>\n\t\t<\/section>\n\t\t\t\t<section class=\"elementor-section elementor-top-section elementor-element elementor-element-444a5ed elementor-section-boxed elementor-section-height-default elementor-section-height-default\" data-id=\"444a5ed\" data-element_type=\"section\" data-e-type=\"section\">\n\t\t\t\t\t\t<div class=\"elementor-container elementor-column-gap-default\">\n\t\t\t\t\t<div class=\"elementor-column elementor-col-100 elementor-top-column elementor-element elementor-element-f37262b\" data-id=\"f37262b\" data-element_type=\"column\" data-e-type=\"column\">\n\t\t\t<div class=\"elementor-widget-wrap elementor-element-populated\">\n\t\t\t\t\t\t<div class=\"elementor-element elementor-element-366a8eb elementor-widget elementor-widget-text-editor\" data-id=\"366a8eb\" data-element_type=\"widget\" data-e-type=\"widget\" data-widget_type=\"text-editor.default\">\n\t\t\t\t<div class=\"elementor-widget-container\">\n\t\t\t\t\t\t\t\t\t<h1 style=\"text-align: center;\">&nbsp;MDK-Bericht 2023<\/h1>\t\t\t\t\t\t\t\t<\/div>\n\t\t\t\t<\/div>\n\t\t\t\t<section class=\"elementor-section elementor-inner-section elementor-element elementor-element-fd68421 elementor-section-boxed elementor-section-height-default elementor-section-height-default\" data-id=\"fd68421\" data-element_type=\"section\" data-e-type=\"section\">\n\t\t\t\t\t\t<div class=\"elementor-container elementor-column-gap-default\">\n\t\t\t\t\t<div class=\"elementor-column elementor-col-100 elementor-inner-column elementor-element elementor-element-33a0f88\" data-id=\"33a0f88\" data-element_type=\"column\" data-e-type=\"column\">\n\t\t\t<div class=\"elementor-widget-wrap elementor-element-populated\">\n\t\t\t\t\t\t<div class=\"elementor-element elementor-element-12c6e5f elementor-widget elementor-widget-text-editor\" data-id=\"12c6e5f\" data-element_type=\"widget\" data-e-type=\"widget\" data-widget_type=\"text-editor.default\">\n\t\t\t\t<div class=\"elementor-widget-container\">\n\t\t\t\t\t\t\t\t\t<p style=\"text-align: center;\"><strong><em>Pflegeversicherung<\/em><\/strong><br \/><strong><em>Hier: Qualit\u00e4tspr\u00fcfung gem\u00e4\u00df \u00a7\u00a7 114 ff SGB XI der Pflegeeinrichtung &#8222;Alten- und<\/em><\/strong><br \/><strong><em>Pflegeheim Haus Tannenhof, Kragweg 2, 57629 Stein-Wingert&#8220;<\/em><\/strong><br \/><strong><em>Auftragsnummer:<br \/><br \/>Wird in K\u00fcrze ver\u00f6ffentlicht!<\/em><\/strong><\/p>\t\t\t\t\t\t\t\t<\/div>\n\t\t\t\t<\/div>\n\t\t\t\t\t<\/div>\n\t\t<\/div>\n\t\t\t\t\t<\/div>\n\t\t<\/section>\n\t\t\t\t<section class=\"elementor-section elementor-inner-section elementor-element elementor-element-180e004 elementor-section-boxed elementor-section-height-default elementor-section-height-default\" data-id=\"180e004\" data-element_type=\"section\" data-e-type=\"section\">\n\t\t\t\t\t\t<div class=\"elementor-container elementor-column-gap-default\">\n\t\t\t\t\t<div class=\"elementor-column elementor-col-100 elementor-inner-column elementor-element elementor-element-2ded03a\" data-id=\"2ded03a\" data-element_type=\"column\" data-e-type=\"column\">\n\t\t\t<div class=\"elementor-widget-wrap\">\n\t\t\t\t\t\t\t<\/div>\n\t\t<\/div>\n\t\t\t\t\t<\/div>\n\t\t<\/section>\n\t\t\t\t\t<\/div>\n\t\t<\/div>\n\t\t\t\t\t<\/div>\n\t\t<\/section>\n\t\t\t\t<\/div>\n\t\t","protected":false},"excerpt":{"rendered":"<p>Pinnwand Gille\u00a0 Kunst von Winfried Gille Auf der Bitz 657629 HeimbornTel. 02688 9875447E-Mail: Winfried.Gille@t-online.de . \u00bbDas Erschaffen von Skulpturen bedeutet, Augenblicke der Inspiration greifbar zu machen.\u00ab \u00bbObwohl er vorzugsweise mit schwerem Metall in dunklen Farbt\u00f6nen arbeitet, wirken seine Skulpturen geradezu fragil. Sie ordnen sich dem Raum unter und genau das ist auch Gilles Absicht. Aus [&hellip;]<\/p>\n","protected":false},"author":1,"featured_media":0,"parent":0,"menu_order":0,"comment_status":"closed","ping_status":"closed","template":"","meta":{"ocean_post_layout":"","ocean_both_sidebars_style":"","ocean_both_sidebars_content_width":0,"ocean_both_sidebars_sidebars_width":0,"ocean_sidebar":"0","ocean_second_sidebar":"0","ocean_disable_margins":"enable","ocean_add_body_class":"","ocean_shortcode_before_top_bar":"","ocean_shortcode_after_top_bar":"","ocean_shortcode_before_header":"","ocean_shortcode_after_header":"","ocean_has_shortcode":"","ocean_shortcode_after_title":"","ocean_shortcode_before_footer_widgets":"","ocean_shortcode_after_footer_widgets":"","ocean_shortcode_before_footer_bottom":"","ocean_shortcode_after_footer_bottom":"","ocean_display_top_bar":"default","ocean_display_header":"default","ocean_header_style":"","ocean_center_header_left_menu":"0","ocean_custom_header_template":"0","ocean_custom_logo":0,"ocean_custom_retina_logo":0,"ocean_custom_logo_max_width":0,"ocean_custom_logo_tablet_max_width":0,"ocean_custom_logo_mobile_max_width":0,"ocean_custom_logo_max_height":0,"ocean_custom_logo_tablet_max_height":0,"ocean_custom_logo_mobile_max_height":0,"ocean_header_custom_menu":"0","ocean_menu_typo_font_family":"0","ocean_menu_typo_font_subset":"","ocean_menu_typo_font_size":0,"ocean_menu_typo_font_size_tablet":0,"ocean_menu_typo_font_size_mobile":0,"ocean_menu_typo_font_size_unit":"px","ocean_menu_typo_font_weight":"","ocean_menu_typo_font_weight_tablet":"","ocean_menu_typo_font_weight_mobile":"","ocean_menu_typo_transform":"","ocean_menu_typo_transform_tablet":"","ocean_menu_typo_transform_mobile":"","ocean_menu_typo_line_height":0,"ocean_menu_typo_line_height_tablet":0,"ocean_menu_typo_line_height_mobile":0,"ocean_menu_typo_line_height_unit":"","ocean_menu_typo_spacing":0,"ocean_menu_typo_spacing_tablet":0,"ocean_menu_typo_spacing_mobile":0,"ocean_menu_typo_spacing_unit":"","ocean_menu_link_color":"","ocean_menu_link_color_hover":"","ocean_menu_link_color_active":"","ocean_menu_link_background":"","ocean_menu_link_hover_background":"","ocean_menu_link_active_background":"","ocean_menu_social_links_bg":"","ocean_menu_social_hover_links_bg":"","ocean_menu_social_links_color":"","ocean_menu_social_hover_links_color":"","ocean_disable_title":"default","ocean_disable_heading":"default","ocean_post_title":"","ocean_post_subheading":"","ocean_post_title_style":"","ocean_post_title_background_color":"","ocean_post_title_background":0,"ocean_post_title_bg_image_position":"","ocean_post_title_bg_image_attachment":"","ocean_post_title_bg_image_repeat":"","ocean_post_title_bg_image_size":"","ocean_post_title_height":0,"ocean_post_title_bg_overlay":0.5,"ocean_post_title_bg_overlay_color":"","ocean_disable_breadcrumbs":"default","ocean_breadcrumbs_color":"","ocean_breadcrumbs_separator_color":"","ocean_breadcrumbs_links_color":"","ocean_breadcrumbs_links_hover_color":"","ocean_display_footer_widgets":"default","ocean_display_footer_bottom":"default","ocean_custom_footer_template":"0","footnotes":""},"class_list":["post-1143","page","type-page","status-publish","hentry","entry"],"_links":{"self":[{"href":"https:\/\/www.haustannenhof.de\/index.php\/wp-json\/wp\/v2\/pages\/1143","targetHints":{"allow":["GET"]}}],"collection":[{"href":"https:\/\/www.haustannenhof.de\/index.php\/wp-json\/wp\/v2\/pages"}],"about":[{"href":"https:\/\/www.haustannenhof.de\/index.php\/wp-json\/wp\/v2\/types\/page"}],"author":[{"embeddable":true,"href":"https:\/\/www.haustannenhof.de\/index.php\/wp-json\/wp\/v2\/users\/1"}],"replies":[{"embeddable":true,"href":"https:\/\/www.haustannenhof.de\/index.php\/wp-json\/wp\/v2\/comments?post=1143"}],"version-history":[{"count":71,"href":"https:\/\/www.haustannenhof.de\/index.php\/wp-json\/wp\/v2\/pages\/1143\/revisions"}],"predecessor-version":[{"id":1517,"href":"https:\/\/www.haustannenhof.de\/index.php\/wp-json\/wp\/v2\/pages\/1143\/revisions\/1517"}],"wp:attachment":[{"href":"https:\/\/www.haustannenhof.de\/index.php\/wp-json\/wp\/v2\/media?parent=1143"}],"curies":[{"name":"wp","href":"https:\/\/api.w.org\/{rel}","templated":true}]}}