{"id":1127,"date":"2021-06-04T16:29:20","date_gmt":"2021-06-04T16:29:20","guid":{"rendered":"https:\/\/www.haustannenhof.de\/?page_id=1127"},"modified":"2026-03-30T08:04:47","modified_gmt":"2026-03-30T08:04:47","slug":"stellenangebote-04","status":"publish","type":"page","link":"https:\/\/www.haustannenhof.de\/index.php\/stellenangebote-04\/","title":{"rendered":"Stellenangebote"},"content":{"rendered":"\t\t<div data-elementor-type=\"wp-page\" data-elementor-id=\"1127\" class=\"elementor elementor-1127\">\n\t\t\t\t\t\t<section class=\"elementor-section elementor-top-section elementor-element elementor-element-350c59a elementor-section-boxed elementor-section-height-default elementor-section-height-default\" data-id=\"350c59a\" data-element_type=\"section\" data-e-type=\"section\">\n\t\t\t\t\t\t<div class=\"elementor-container elementor-column-gap-default\">\n\t\t\t\t\t<div class=\"elementor-column elementor-col-100 elementor-top-column elementor-element elementor-element-2928b75\" data-id=\"2928b75\" data-element_type=\"column\" data-e-type=\"column\" data-settings=\"{&quot;background_background&quot;:&quot;classic&quot;}\">\n\t\t\t<div class=\"elementor-widget-wrap elementor-element-populated\">\n\t\t\t\t\t\t<section class=\"elementor-section elementor-inner-section elementor-element elementor-element-3fb2c25 elementor-section-boxed elementor-section-height-default elementor-section-height-default\" data-id=\"3fb2c25\" data-element_type=\"section\" data-e-type=\"section\">\n\t\t\t\t\t\t<div class=\"elementor-container elementor-column-gap-default\">\n\t\t\t\t\t<div class=\"elementor-column elementor-col-100 elementor-inner-column elementor-element elementor-element-fc84ad4\" data-id=\"fc84ad4\" data-element_type=\"column\" data-e-type=\"column\">\n\t\t\t<div class=\"elementor-widget-wrap elementor-element-populated\">\n\t\t\t\t\t\t<div class=\"elementor-element elementor-element-7bb1f8a elementor-widget elementor-widget-image\" data-id=\"7bb1f8a\" data-element_type=\"widget\" data-e-type=\"widget\" data-widget_type=\"image.default\">\n\t\t\t\t<div class=\"elementor-widget-container\">\n\t\t\t\t\t\t\t\t\t\t\t\t\t\t\t<img fetchpriority=\"high\" decoding=\"async\" width=\"324\" height=\"268\" src=\"https:\/\/www.haustannenhof.de\/wp-content\/uploads\/2021\/03\/Jobanzeige.jpg\" class=\"attachment-large size-large wp-image-725\" alt=\"\" srcset=\"https:\/\/www.haustannenhof.de\/wp-content\/uploads\/2021\/03\/Jobanzeige.jpg 324w, https:\/\/www.haustannenhof.de\/wp-content\/uploads\/2021\/03\/Jobanzeige-300x248.jpg 300w\" sizes=\"(max-width: 324px) 100vw, 324px\" \/>\t\t\t\t\t\t\t\t\t\t\t\t\t\t\t<\/div>\n\t\t\t\t<\/div>\n\t\t\t\t<div class=\"elementor-element elementor-element-17850ca elementor-align-center elementor-widget elementor-widget-button\" data-id=\"17850ca\" data-element_type=\"widget\" data-e-type=\"widget\" data-widget_type=\"button.default\">\n\t\t\t\t<div class=\"elementor-widget-container\">\n\t\t\t\t\t\t\t\t\t<div class=\"elementor-button-wrapper\">\n\t\t\t\t\t<a class=\"elementor-button elementor-button-link elementor-size-sm\" href=\"https:\/\/c-2rs04.na1.hs-sales-engage.com\/Ctc\/RI+23284\/c-2Rs04\/Jl22-6qcW7lCdLW6lZ3lJW4cc-ql7kYZtJW6QlHMM7Y-8LpW7JVtpf1XS_YJW63C0Sx7VYfX7W58-ckm8rW1X_W1dxBfG7K80c6W4F6rF09g9NCdV85fgl7RSjqDW73hRbY2lzyHpVn16N088-q2tN7-549gd3j0ZW8WDb741g3XXJW2k3T0W4hrMFYW6jzK6q7z3f3PW2gVVJP5sTY-3W2CFNv55hGyFMW6v7Q8_13m3dzW4kNWf45N0RbjW2_bFPk1c1X0kVwf_Fy5MHbF2M7Td-72Vg59W75rB0D6BM-VmW6H0b5h9kWdYZW76FXvW1WC_hndDfnlx04\" target=\"_blank\">\n\t\t\t\t\t\t<span class=\"elementor-button-content-wrapper\">\n\t\t\t\t\t\t\t\t\t<span class=\"elementor-button-text\">Link zum Bewerbungsportal<\/span>\n\t\t\t\t\t<\/span>\n\t\t\t\t\t<\/a>\n\t\t\t\t<\/div>\n\t\t\t\t\t\t\t\t<\/div>\n\t\t\t\t<\/div>\n\t\t\t\t<div class=\"elementor-element elementor-element-d560bc1 elementor-widget elementor-widget-text-editor\" data-id=\"d560bc1\" data-element_type=\"widget\" data-e-type=\"widget\" data-widget_type=\"text-editor.default\">\n\t\t\t\t<div class=\"elementor-widget-container\">\n\t\t\t\t\t\t\t\t\t<h2 style=\"text-align: center;\">\u00a0<\/h2><h2 style=\"text-align: center;\"><strong>1 Pflegefachkraft m\/w\/d (5 Tagewoche !!)<\/strong><\/h2><h2 style=\"text-align: center;\"><strong>1 Pflegefachkraft f\u00fcr die Nachtwache<\/strong><\/h2><h2 style=\"text-align: center;\"><strong> \u00a01\u00a0 Pflegehilfskraft und\/oder APH\/KPH\u00a0\u00a0m\/w\/d<br \/>(5 Tage-Woche!!)<\/strong><\/h2><h2 style=\"text-align: center;\"><span style=\"color: #000000;\"><strong>0 Saalbetreuung\u00a0m\/w\/d<\/strong><\/span><\/h2><h2 style=\"text-align: center;\"><span style=\"color: #000000;\"><strong>0 Betreuungskraft mit \u00a7 53c (87b)-Ausbildung<\/strong><strong>\u00a0m\/w\/d<\/strong><\/span><\/h2><h2 style=\"text-align: center;\"><span style=\"color: #000000;\"><strong>0 Hauswirtschaftskraft <\/strong><strong>m\/w\/d<\/strong><\/span><\/h2><h2 style=\"text-align: center;\"><strong>mit flexibler Arbeitszeit\u00a0und leistungsgerechter Bezahlung + Zuschl\u00e4gen<\/strong><strong><br \/><\/strong><strong>(alle auch im Teilzeitbereich\u00a0)<\/strong><\/h2><h2 style=\"text-align: center;\">\u00a0<\/h2>\t\t\t\t\t\t\t\t<\/div>\n\t\t\t\t<\/div>\n\t\t\t\t\t<\/div>\n\t\t<\/div>\n\t\t\t\t\t<\/div>\n\t\t<\/section>\n\t\t\t\t<div class=\"elementor-element elementor-element-360c4a7 elementor-widget elementor-widget-text-editor\" data-id=\"360c4a7\" data-element_type=\"widget\" data-e-type=\"widget\" data-widget_type=\"text-editor.default\">\n\t\t\t\t<div class=\"elementor-widget-container\">\n\t\t\t\t\t\t\t\t\t<p class=\"has-text-align-left\"><strong>irmeninterne Leistungen:<\/strong><\/p><p>\u2022 Gesundes Fr\u00fchst\u00fcck<br \/>\u2022 Urlaubsgeld<br \/>\u2022 Verm\u00f6genswirksame Leistung<br \/>\u2022 Zahnarztzusatzversicherung (Aufdopplung der\u00a0Leistungen der eigenen KV) bei Zahnersatz<br \/>\u2022 Monatliche Gesundheitsf\u00f6rderung durch R\u00fcckenschule f\u00fcr das Personal zur Lockerung und\u00a0 \u00a0 \u00a0 \u00a0 \u00a0 \u00a0 \u00a0 \u00a0.Entspannung unter fachlicher Anleitung<br \/>\u2022 Computerschulung (hausintern n. Bedarf)<br \/>\u2022 Schulungen mit Zertifikat durch QM-Unternehmen (in- u. extern)<\/p><p>\u00a0<\/p><p>\u00a0<\/p>\t\t\t\t\t\t\t\t<\/div>\n\t\t\t\t<\/div>\n\t\t\t\t<div class=\"elementor-element elementor-element-8f3ea52 elementor-widget elementor-widget-image\" data-id=\"8f3ea52\" data-element_type=\"widget\" data-e-type=\"widget\" data-widget_type=\"image.default\">\n\t\t\t\t<div class=\"elementor-widget-container\">\n\t\t\t\t\t\t\t\t\t\t\t\t\t\t\t<img decoding=\"async\" width=\"600\" height=\"436\" src=\"https:\/\/www.haustannenhof.de\/wp-content\/uploads\/2021\/03\/FSJ.jpg\" class=\"attachment-large size-large wp-image-727\" alt=\"\" srcset=\"https:\/\/www.haustannenhof.de\/wp-content\/uploads\/2021\/03\/FSJ.jpg 600w, https:\/\/www.haustannenhof.de\/wp-content\/uploads\/2021\/03\/FSJ-300x218.jpg 300w\" sizes=\"(max-width: 600px) 100vw, 600px\" \/>\t\t\t\t\t\t\t\t\t\t\t\t\t\t\t<\/div>\n\t\t\t\t<\/div>\n\t\t\t\t<div class=\"elementor-element elementor-element-01cc82a elementor-widget elementor-widget-text-editor\" data-id=\"01cc82a\" data-element_type=\"widget\" data-e-type=\"widget\" data-widget_type=\"text-editor.default\">\n\t\t\t\t<div class=\"elementor-widget-container\">\n\t\t\t\t\t\t\t\t\t<p class=\"has-text-align-center\"><strong>Melden Sie sich bitte\u00a0 unter der Telefonnummer:<\/strong><br \/><strong>02688-9514-0<\/strong><br \/><strong>Wir freuen uns auf Sie!<\/strong><\/p><p class=\"has-text-align-center\"><strong>Wir bilden auch aus und weiter!!<\/strong><br \/><strong>5\u00a0Pl\u00e4tze in der Pflege<\/strong><br \/><strong>3-j\u00e4hrige Ausbildung zum\/zur ex. Altenpfleger(in)<\/strong><br \/><strong>Daf\u00fcr haben wir eine Praxisanleiterin eingestellt<\/strong><br \/><strong>Unterst\u00fctzung von Weiterbildung zur WBL<\/strong><\/p>\t\t\t\t\t\t\t\t<\/div>\n\t\t\t\t<\/div>\n\t\t\t\t\t<\/div>\n\t\t<\/div>\n\t\t\t\t\t<\/div>\n\t\t<\/section>\n\t\t\t\t<\/div>\n\t\t","protected":false},"excerpt":{"rendered":"<p>Link zum Bewerbungsportal \u00a0 1 Pflegefachkraft m\/w\/d (5 Tagewoche !!) 1 Pflegefachkraft f\u00fcr die Nachtwache \u00a01\u00a0 Pflegehilfskraft und\/oder APH\/KPH\u00a0\u00a0m\/w\/d(5 Tage-Woche!!) 0 Saalbetreuung\u00a0m\/w\/d 0 Betreuungskraft mit \u00a7 53c (87b)-Ausbildung\u00a0m\/w\/d 0 Hauswirtschaftskraft m\/w\/d mit flexibler Arbeitszeit\u00a0und leistungsgerechter Bezahlung + Zuschl\u00e4gen(alle auch im Teilzeitbereich\u00a0) \u00a0 irmeninterne Leistungen: \u2022 Gesundes Fr\u00fchst\u00fcck\u2022 Urlaubsgeld\u2022 Verm\u00f6genswirksame Leistung\u2022 Zahnarztzusatzversicherung (Aufdopplung der\u00a0Leistungen der eigenen [&hellip;]<\/p>\n","protected":false},"author":1,"featured_media":0,"parent":0,"menu_order":0,"comment_status":"closed","ping_status":"closed","template":"","meta":{"ocean_post_layout":"","ocean_both_sidebars_style":"","ocean_both_sidebars_content_width":0,"ocean_both_sidebars_sidebars_width":0,"ocean_sidebar":"0","ocean_second_sidebar":"0","ocean_disable_margins":"enable","ocean_add_body_class":"","ocean_shortcode_before_top_bar":"","ocean_shortcode_after_top_bar":"","ocean_shortcode_before_header":"","ocean_shortcode_after_header":"","ocean_has_shortcode":"","ocean_shortcode_after_title":"","ocean_shortcode_before_footer_widgets":"","ocean_shortcode_after_footer_widgets":"","ocean_shortcode_before_footer_bottom":"","ocean_shortcode_after_footer_bottom":"","ocean_display_top_bar":"default","ocean_display_header":"default","ocean_header_style":"","ocean_center_header_left_menu":"0","ocean_custom_header_template":"0","ocean_custom_logo":0,"ocean_custom_retina_logo":0,"ocean_custom_logo_max_width":0,"ocean_custom_logo_tablet_max_width":0,"ocean_custom_logo_mobile_max_width":0,"ocean_custom_logo_max_height":0,"ocean_custom_logo_tablet_max_height":0,"ocean_custom_logo_mobile_max_height":0,"ocean_header_custom_menu":"0","ocean_menu_typo_font_family":"0","ocean_menu_typo_font_subset":"","ocean_menu_typo_font_size":0,"ocean_menu_typo_font_size_tablet":0,"ocean_menu_typo_font_size_mobile":0,"ocean_menu_typo_font_size_unit":"px","ocean_menu_typo_font_weight":"","ocean_menu_typo_font_weight_tablet":"","ocean_menu_typo_font_weight_mobile":"","ocean_menu_typo_transform":"","ocean_menu_typo_transform_tablet":"","ocean_menu_typo_transform_mobile":"","ocean_menu_typo_line_height":0,"ocean_menu_typo_line_height_tablet":0,"ocean_menu_typo_line_height_mobile":0,"ocean_menu_typo_line_height_unit":"","ocean_menu_typo_spacing":0,"ocean_menu_typo_spacing_tablet":0,"ocean_menu_typo_spacing_mobile":0,"ocean_menu_typo_spacing_unit":"","ocean_menu_link_color":"","ocean_menu_link_color_hover":"","ocean_menu_link_color_active":"","ocean_menu_link_background":"","ocean_menu_link_hover_background":"","ocean_menu_link_active_background":"","ocean_menu_social_links_bg":"","ocean_menu_social_hover_links_bg":"","ocean_menu_social_links_color":"","ocean_menu_social_hover_links_color":"","ocean_disable_title":"default","ocean_disable_heading":"default","ocean_post_title":"","ocean_post_subheading":"","ocean_post_title_style":"","ocean_post_title_background_color":"","ocean_post_title_background":0,"ocean_post_title_bg_image_position":"","ocean_post_title_bg_image_attachment":"","ocean_post_title_bg_image_repeat":"","ocean_post_title_bg_image_size":"","ocean_post_title_height":0,"ocean_post_title_bg_overlay":0.5,"ocean_post_title_bg_overlay_color":"","ocean_disable_breadcrumbs":"default","ocean_breadcrumbs_color":"","ocean_breadcrumbs_separator_color":"","ocean_breadcrumbs_links_color":"","ocean_breadcrumbs_links_hover_color":"","ocean_display_footer_widgets":"default","ocean_display_footer_bottom":"default","ocean_custom_footer_template":"0","footnotes":""},"class_list":["post-1127","page","type-page","status-publish","hentry","entry"],"_links":{"self":[{"href":"https:\/\/www.haustannenhof.de\/index.php\/wp-json\/wp\/v2\/pages\/1127","targetHints":{"allow":["GET"]}}],"collection":[{"href":"https:\/\/www.haustannenhof.de\/index.php\/wp-json\/wp\/v2\/pages"}],"about":[{"href":"https:\/\/www.haustannenhof.de\/index.php\/wp-json\/wp\/v2\/types\/page"}],"author":[{"embeddable":true,"href":"https:\/\/www.haustannenhof.de\/index.php\/wp-json\/wp\/v2\/users\/1"}],"replies":[{"embeddable":true,"href":"https:\/\/www.haustannenhof.de\/index.php\/wp-json\/wp\/v2\/comments?post=1127"}],"version-history":[{"count":131,"href":"https:\/\/www.haustannenhof.de\/index.php\/wp-json\/wp\/v2\/pages\/1127\/revisions"}],"predecessor-version":[{"id":1822,"href":"https:\/\/www.haustannenhof.de\/index.php\/wp-json\/wp\/v2\/pages\/1127\/revisions\/1822"}],"wp:attachment":[{"href":"https:\/\/www.haustannenhof.de\/index.php\/wp-json\/wp\/v2\/media?parent=1127"}],"curies":[{"name":"wp","href":"https:\/\/api.w.org\/{rel}","templated":true}]}}