{"id":1107,"date":"2021-06-04T16:04:45","date_gmt":"2021-06-04T16:04:45","guid":{"rendered":"https:\/\/www.haustannenhof.de\/?page_id=1107"},"modified":"2024-04-13T04:37:56","modified_gmt":"2024-04-13T04:37:56","slug":"fotosammlung-04","status":"publish","type":"page","link":"https:\/\/www.haustannenhof.de\/index.php\/fotosammlung-04\/","title":{"rendered":"Fotosammlung"},"content":{"rendered":"\t\t<div data-elementor-type=\"wp-page\" data-elementor-id=\"1107\" class=\"elementor elementor-1107\">\n\t\t\t\t\t\t<section class=\"elementor-section elementor-top-section elementor-element elementor-element-f2674c0 elementor-section-boxed elementor-section-height-default elementor-section-height-default\" data-id=\"f2674c0\" data-element_type=\"section\" data-e-type=\"section\">\n\t\t\t\t\t\t<div class=\"elementor-container elementor-column-gap-default\">\n\t\t\t\t\t<div class=\"elementor-column elementor-col-100 elementor-top-column elementor-element elementor-element-90685da\" data-id=\"90685da\" data-element_type=\"column\" data-e-type=\"column\">\n\t\t\t<div class=\"elementor-widget-wrap elementor-element-populated\">\n\t\t\t\t\t\t<div class=\"elementor-element elementor-element-a2f2169 elementor-widget elementor-widget-heading\" data-id=\"a2f2169\" data-element_type=\"widget\" data-e-type=\"widget\" data-widget_type=\"heading.default\">\n\t\t\t\t<div class=\"elementor-widget-container\">\n\t\t\t\t\t<h2 class=\"elementor-heading-title elementor-size-default\">Fotosammlung<\/h2>\t\t\t\t<\/div>\n\t\t\t\t<\/div>\n\t\t\t\t\t<\/div>\n\t\t<\/div>\n\t\t\t\t\t<\/div>\n\t\t<\/section>\n\t\t\t\t<section class=\"elementor-section elementor-top-section elementor-element elementor-element-0b99481 elementor-section-boxed elementor-section-height-default elementor-section-height-default\" data-id=\"0b99481\" data-element_type=\"section\" data-e-type=\"section\">\n\t\t\t\t\t\t<div class=\"elementor-container elementor-column-gap-default\">\n\t\t\t\t\t<div class=\"elementor-column elementor-col-100 elementor-top-column elementor-element elementor-element-07a728a\" data-id=\"07a728a\" data-element_type=\"column\" data-e-type=\"column\" data-settings=\"{&quot;background_background&quot;:&quot;classic&quot;}\">\n\t\t\t<div class=\"elementor-widget-wrap elementor-element-populated\">\n\t\t\t\t\t\t<div class=\"elementor-element elementor-element-ddc0712 gallery-spacing-custom elementor-widget elementor-widget-image-gallery\" data-id=\"ddc0712\" data-element_type=\"widget\" data-e-type=\"widget\" data-widget_type=\"image-gallery.default\">\n\t\t\t\t<div class=\"elementor-widget-container\">\n\t\t\t\t\t\t\t<div class=\"elementor-image-gallery\">\n\t\t\t<div id='gallery-1' class='gallery galleryid-1107 gallery-columns-1 gallery-size-medium'><figure class='gallery-item'>\n\t\t\t<div class='gallery-icon landscape'>\n\t\t\t\t<a data-elementor-open-lightbox=\"yes\" data-elementor-lightbox-slideshow=\"ddc0712\" data-elementor-lightbox-title=\"Aktiv5\" data-e-action-hash=\"#elementor-action%3Aaction%3Dlightbox%26settings%3DeyJpZCI6NzE1LCJ1cmwiOiJodHRwczpcL1wvd3d3LmhhdXN0YW5uZW5ob2YuZGVcL3dwLWNvbnRlbnRcL3VwbG9hZHNcLzIwMjFcLzAzXC9Ba3RpdjUuanBnIiwic2xpZGVzaG93IjoiZGRjMDcxMiJ9\" href='https:\/\/www.haustannenhof.de\/wp-content\/uploads\/2021\/03\/Aktiv5.jpg'><img fetchpriority=\"high\" decoding=\"async\" width=\"300\" height=\"221\" src=\"https:\/\/www.haustannenhof.de\/wp-content\/uploads\/2021\/03\/Aktiv5-300x221.jpg\" class=\"attachment-medium size-medium\" alt=\"\" aria-describedby=\"gallery-1-715\" srcset=\"https:\/\/www.haustannenhof.de\/wp-content\/uploads\/2021\/03\/Aktiv5-300x221.jpg 300w, https:\/\/www.haustannenhof.de\/wp-content\/uploads\/2021\/03\/Aktiv5.jpg 313w\" sizes=\"(max-width: 300px) 100vw, 300px\" \/><\/a>\n\t\t\t<\/div>\n\t\t\t\t<figcaption class='wp-caption-text gallery-caption' id='gallery-1-715'>\n\t\t\t\tDas Sommerfest\n\t\t\t\t<\/figcaption><\/figure><figure class='gallery-item'>\n\t\t\t<div class='gallery-icon landscape'>\n\t\t\t\t<a data-elementor-open-lightbox=\"yes\" data-elementor-lightbox-slideshow=\"ddc0712\" data-elementor-lightbox-title=\"Aktiv2\" data-e-action-hash=\"#elementor-action%3Aaction%3Dlightbox%26settings%3DeyJpZCI6NzE0LCJ1cmwiOiJodHRwczpcL1wvd3d3LmhhdXN0YW5uZW5ob2YuZGVcL3dwLWNvbnRlbnRcL3VwbG9hZHNcLzIwMjFcLzAzXC9Ba3RpdjIuanBnIiwic2xpZGVzaG93IjoiZGRjMDcxMiJ9\" href='https:\/\/www.haustannenhof.de\/wp-content\/uploads\/2021\/03\/Aktiv2.jpg'><img decoding=\"async\" width=\"300\" height=\"223\" src=\"https:\/\/www.haustannenhof.de\/wp-content\/uploads\/2021\/03\/Aktiv2-300x223.jpg\" class=\"attachment-medium size-medium\" alt=\"\" aria-describedby=\"gallery-1-714\" srcset=\"https:\/\/www.haustannenhof.de\/wp-content\/uploads\/2021\/03\/Aktiv2-300x223.jpg 300w, https:\/\/www.haustannenhof.de\/wp-content\/uploads\/2021\/03\/Aktiv2.jpg 313w\" sizes=\"(max-width: 300px) 100vw, 300px\" \/><\/a>\n\t\t\t<\/div>\n\t\t\t\t<figcaption class='wp-caption-text gallery-caption' id='gallery-1-714'>\n\t\t\t\tFasching im Tannenhof\n\t\t\t\t<\/figcaption><\/figure><figure class='gallery-item'>\n\t\t\t<div class='gallery-icon portrait'>\n\t\t\t\t<a data-elementor-open-lightbox=\"yes\" data-elementor-lightbox-slideshow=\"ddc0712\" data-elementor-lightbox-title=\"P1030243\" data-e-action-hash=\"#elementor-action%3Aaction%3Dlightbox%26settings%3DeyJpZCI6NjE0LCJ1cmwiOiJodHRwczpcL1wvd3d3LmhhdXN0YW5uZW5ob2YuZGVcL3dwLWNvbnRlbnRcL3VwbG9hZHNcLzIwMjFcLzAzXC9QMTAzMDI0My5qcGciLCJzbGlkZXNob3ciOiJkZGMwNzEyIn0%3D\" href='https:\/\/www.haustannenhof.de\/wp-content\/uploads\/2021\/03\/P1030243.jpg'><img decoding=\"async\" width=\"225\" height=\"300\" src=\"https:\/\/www.haustannenhof.de\/wp-content\/uploads\/2021\/03\/P1030243-225x300.jpg\" class=\"attachment-medium size-medium\" alt=\"\" aria-describedby=\"gallery-1-614\" srcset=\"https:\/\/www.haustannenhof.de\/wp-content\/uploads\/2021\/03\/P1030243-225x300.jpg 225w, https:\/\/www.haustannenhof.de\/wp-content\/uploads\/2021\/03\/P1030243.jpg 250w\" sizes=\"(max-width: 225px) 100vw, 225px\" \/><\/a>\n\t\t\t<\/div>\n\t\t\t\t<figcaption class='wp-caption-text gallery-caption' id='gallery-1-614'>\n\t\t\t\tGenerationen\u00fcbergreifender Spa\u00df\n\t\t\t\t<\/figcaption><\/figure><figure class='gallery-item'>\n\t\t\t<div class='gallery-icon landscape'>\n\t\t\t\t<a data-elementor-open-lightbox=\"yes\" data-elementor-lightbox-slideshow=\"ddc0712\" data-elementor-lightbox-title=\"Laden\" data-e-action-hash=\"#elementor-action%3Aaction%3Dlightbox%26settings%3DeyJpZCI6NjE2LCJ1cmwiOiJodHRwczpcL1wvd3d3LmhhdXN0YW5uZW5ob2YuZGVcL3dwLWNvbnRlbnRcL3VwbG9hZHNcLzIwMjFcLzAzXC9MYWRlbi5qcGciLCJzbGlkZXNob3ciOiJkZGMwNzEyIn0%3D\" href='https:\/\/www.haustannenhof.de\/wp-content\/uploads\/2021\/03\/Laden.jpg'><img loading=\"lazy\" decoding=\"async\" width=\"220\" height=\"165\" src=\"https:\/\/www.haustannenhof.de\/wp-content\/uploads\/2021\/03\/Laden.jpg\" class=\"attachment-medium size-medium\" alt=\"\" aria-describedby=\"gallery-1-616\" \/><\/a>\n\t\t\t<\/div>\n\t\t\t\t<figcaption class='wp-caption-text gallery-caption' id='gallery-1-616'>\n\t\t\t\tUnser &#8222;Tante Emma&#8220; Laden\n\t\t\t\t<\/figcaption><\/figure><figure class='gallery-item'>\n\t\t\t<div class='gallery-icon landscape'>\n\t\t\t\t<a data-elementor-open-lightbox=\"yes\" data-elementor-lightbox-slideshow=\"ddc0712\" data-elementor-lightbox-title=\"Bushaltestelle156\" data-e-action-hash=\"#elementor-action%3Aaction%3Dlightbox%26settings%3DeyJpZCI6NjE1LCJ1cmwiOiJodHRwczpcL1wvd3d3LmhhdXN0YW5uZW5ob2YuZGVcL3dwLWNvbnRlbnRcL3VwbG9hZHNcLzIwMjFcLzAzXC9CdXNoYWx0ZXN0ZWxsZTE1Ni5qcGciLCJzbGlkZXNob3ciOiJkZGMwNzEyIn0%3D\" href='https:\/\/www.haustannenhof.de\/wp-content\/uploads\/2021\/03\/Bushaltestelle156.jpg'><img loading=\"lazy\" decoding=\"async\" width=\"300\" height=\"149\" src=\"https:\/\/www.haustannenhof.de\/wp-content\/uploads\/2021\/03\/Bushaltestelle156-300x149.jpg\" class=\"attachment-medium size-medium\" alt=\"\" aria-describedby=\"gallery-1-615\" srcset=\"https:\/\/www.haustannenhof.de\/wp-content\/uploads\/2021\/03\/Bushaltestelle156-300x149.jpg 300w, https:\/\/www.haustannenhof.de\/wp-content\/uploads\/2021\/03\/Bushaltestelle156.jpg 400w\" sizes=\"(max-width: 300px) 100vw, 300px\" \/><\/a>\n\t\t\t<\/div>\n\t\t\t\t<figcaption class='wp-caption-text gallery-caption' id='gallery-1-615'>\n\t\t\t\tUnsere Bushaltestelle Linie 15\n\t\t\t\t<\/figcaption><\/figure><figure class='gallery-item'>\n\t\t\t<div class='gallery-icon landscape'>\n\t\t\t\t<a data-elementor-open-lightbox=\"yes\" data-elementor-lightbox-slideshow=\"ddc0712\" data-elementor-lightbox-title=\"Kopie-von-weglaeuferschutz31\" data-e-action-hash=\"#elementor-action%3Aaction%3Dlightbox%26settings%3DeyJpZCI6NTk2LCJ1cmwiOiJodHRwczpcL1wvd3d3LmhhdXN0YW5uZW5ob2YuZGVcL3dwLWNvbnRlbnRcL3VwbG9hZHNcLzIwMjFcLzAzXC9Lb3BpZS12b24td2VnbGFldWZlcnNjaHV0ejMxLmpwZyIsInNsaWRlc2hvdyI6ImRkYzA3MTIifQ%3D%3D\" href='https:\/\/www.haustannenhof.de\/wp-content\/uploads\/2021\/03\/Kopie-von-weglaeuferschutz31.jpg'><img loading=\"lazy\" decoding=\"async\" width=\"300\" height=\"240\" src=\"https:\/\/www.haustannenhof.de\/wp-content\/uploads\/2021\/03\/Kopie-von-weglaeuferschutz31-300x240.jpg\" class=\"attachment-medium size-medium\" alt=\"\" aria-describedby=\"gallery-1-596\" srcset=\"https:\/\/www.haustannenhof.de\/wp-content\/uploads\/2021\/03\/Kopie-von-weglaeuferschutz31-300x240.jpg 300w, https:\/\/www.haustannenhof.de\/wp-content\/uploads\/2021\/03\/Kopie-von-weglaeuferschutz31.jpg 400w\" sizes=\"(max-width: 300px) 100vw, 300px\" \/><\/a>\n\t\t\t<\/div>\n\t\t\t\t<figcaption class='wp-caption-text gallery-caption' id='gallery-1-596'>\n\t\t\t\tUnsere Schutzsysteme + GPS u.v.m.\n\t\t\t\t<\/figcaption><\/figure><figure class='gallery-item'>\n\t\t\t<div class='gallery-icon portrait'>\n\t\t\t\t<a data-elementor-open-lightbox=\"yes\" data-elementor-lightbox-slideshow=\"ddc0712\" data-elementor-lightbox-title=\"Oma-flexibel\" data-e-action-hash=\"#elementor-action%3Aaction%3Dlightbox%26settings%3DeyJpZCI6NTk1LCJ1cmwiOiJodHRwczpcL1wvd3d3LmhhdXN0YW5uZW5ob2YuZGVcL3dwLWNvbnRlbnRcL3VwbG9hZHNcLzIwMjFcLzAzXC9PbWEtZmxleGliZWwtZTE3MTI5ODI0NDg4NjIuanBnIiwic2xpZGVzaG93IjoiZGRjMDcxMiJ9\" href='https:\/\/www.haustannenhof.de\/wp-content\/uploads\/2021\/03\/Oma-flexibel-e1712982448862.jpg'><img loading=\"lazy\" decoding=\"async\" width=\"128\" height=\"171\" src=\"https:\/\/www.haustannenhof.de\/wp-content\/uploads\/2021\/03\/Oma-flexibel-e1712982448862.jpg\" class=\"attachment-medium size-medium\" alt=\"\" aria-describedby=\"gallery-1-595\" \/><\/a>\n\t\t\t<\/div>\n\t\t\t\t<figcaption class='wp-caption-text gallery-caption' id='gallery-1-595'>\n\t\t\t\tEine 93-j\u00e4hrige Seniorin in USA\n\t\t\t\t<\/figcaption><\/figure><figure class='gallery-item'>\n\t\t\t<div class='gallery-icon landscape'>\n\t\t\t\t<a data-elementor-open-lightbox=\"yes\" data-elementor-lightbox-slideshow=\"ddc0712\" data-elementor-lightbox-title=\"image3\" data-e-action-hash=\"#elementor-action%3Aaction%3Dlightbox%26settings%3DeyJpZCI6NDYsInVybCI6Imh0dHBzOlwvXC93d3cuaGF1c3Rhbm5lbmhvZi5kZVwvd3AtY29udGVudFwvdXBsb2Fkc1wvMjAyMVwvMDNcL2ltYWdlMy1lMTcxMjk4MzAwMjkzMi5qcGVnIiwic2xpZGVzaG93IjoiZGRjMDcxMiJ9\" href='https:\/\/www.haustannenhof.de\/wp-content\/uploads\/2021\/03\/image3-e1712983002932.jpeg'><img loading=\"lazy\" decoding=\"async\" width=\"300\" height=\"91\" src=\"https:\/\/www.haustannenhof.de\/wp-content\/uploads\/2021\/03\/image3-300x91.jpeg\" class=\"attachment-medium size-medium\" alt=\"\" aria-describedby=\"gallery-1-46\" srcset=\"https:\/\/www.haustannenhof.de\/wp-content\/uploads\/2021\/03\/image3-300x91.jpeg 300w, https:\/\/www.haustannenhof.de\/wp-content\/uploads\/2021\/03\/image3-1024x310.jpeg 1024w, https:\/\/www.haustannenhof.de\/wp-content\/uploads\/2021\/03\/image3-768x233.jpeg 768w, https:\/\/www.haustannenhof.de\/wp-content\/uploads\/2021\/03\/image3-1536x465.jpeg 1536w, https:\/\/www.haustannenhof.de\/wp-content\/uploads\/2021\/03\/image3-e1712983002932.jpeg 1803w\" sizes=\"(max-width: 300px) 100vw, 300px\" \/><\/a>\n\t\t\t<\/div>\n\t\t\t\t<figcaption class='wp-caption-text gallery-caption' id='gallery-1-46'>\n\t\t\t\tUnser Frieseursalon\n\t\t\t\t<\/figcaption><\/figure><figure class='gallery-item'>\n\t\t\t<div class='gallery-icon landscape'>\n\t\t\t\t<a data-elementor-open-lightbox=\"yes\" data-elementor-lightbox-slideshow=\"ddc0712\" data-elementor-lightbox-title=\"20Festtreiben\" data-e-action-hash=\"#elementor-action%3Aaction%3Dlightbox%26settings%3DeyJpZCI6NzA5LCJ1cmwiOiJodHRwczpcL1wvd3d3LmhhdXN0YW5uZW5ob2YuZGVcL3dwLWNvbnRlbnRcL3VwbG9hZHNcLzIwMjFcLzAzXC8yMEZlc3R0cmVpYmVuLmpwZyIsInNsaWRlc2hvdyI6ImRkYzA3MTIifQ%3D%3D\" href='https:\/\/www.haustannenhof.de\/wp-content\/uploads\/2021\/03\/20Festtreiben.jpg'><img loading=\"lazy\" decoding=\"async\" width=\"300\" height=\"168\" src=\"https:\/\/www.haustannenhof.de\/wp-content\/uploads\/2021\/03\/20Festtreiben-300x168.jpg\" class=\"attachment-medium size-medium\" alt=\"\" aria-describedby=\"gallery-1-709\" srcset=\"https:\/\/www.haustannenhof.de\/wp-content\/uploads\/2021\/03\/20Festtreiben-300x168.jpg 300w, https:\/\/www.haustannenhof.de\/wp-content\/uploads\/2021\/03\/20Festtreiben.jpg 350w\" sizes=\"(max-width: 300px) 100vw, 300px\" \/><\/a>\n\t\t\t<\/div>\n\t\t\t\t<figcaption class='wp-caption-text gallery-caption' id='gallery-1-709'>\n\t\t\t\tFr\u00f6hliches Festtreiben\n\t\t\t\t<\/figcaption><\/figure>\n\t\t<\/div>\n\t\t<\/div>\n\t\t\t\t\t\t<\/div>\n\t\t\t\t<\/div>\n\t\t\t\t\t<\/div>\n\t\t<\/div>\n\t\t\t\t\t<\/div>\n\t\t<\/section>\n\t\t\t\t<\/div>\n\t\t","protected":false},"excerpt":{"rendered":"<p>Fotosammlung Das Sommerfest Fasching im Tannenhof Generationen\u00fcbergreifender Spa\u00df Unser &#8222;Tante Emma&#8220; Laden Unsere Bushaltestelle Linie 15 Unsere Schutzsysteme + GPS u.v.m. Eine 93-j\u00e4hrige Seniorin in USA Unser Frieseursalon Fr\u00f6hliches Festtreiben<\/p>\n","protected":false},"author":1,"featured_media":0,"parent":0,"menu_order":0,"comment_status":"closed","ping_status":"closed","template":"","meta":{"ocean_post_layout":"","ocean_both_sidebars_style":"","ocean_both_sidebars_content_width":0,"ocean_both_sidebars_sidebars_width":0,"ocean_sidebar":"0","ocean_second_sidebar":"0","ocean_disable_margins":"enable","ocean_add_body_class":"","ocean_shortcode_before_top_bar":"","ocean_shortcode_after_top_bar":"","ocean_shortcode_before_header":"","ocean_shortcode_after_header":"","ocean_has_shortcode":"","ocean_shortcode_after_title":"","ocean_shortcode_before_footer_widgets":"","ocean_shortcode_after_footer_widgets":"","ocean_shortcode_before_footer_bottom":"","ocean_shortcode_after_footer_bottom":"","ocean_display_top_bar":"default","ocean_display_header":"default","ocean_header_style":"","ocean_center_header_left_menu":"0","ocean_custom_header_template":"0","ocean_custom_logo":0,"ocean_custom_retina_logo":0,"ocean_custom_logo_max_width":0,"ocean_custom_logo_tablet_max_width":0,"ocean_custom_logo_mobile_max_width":0,"ocean_custom_logo_max_height":0,"ocean_custom_logo_tablet_max_height":0,"ocean_custom_logo_mobile_max_height":0,"ocean_header_custom_menu":"0","ocean_menu_typo_font_family":"0","ocean_menu_typo_font_subset":"","ocean_menu_typo_font_size":0,"ocean_menu_typo_font_size_tablet":0,"ocean_menu_typo_font_size_mobile":0,"ocean_menu_typo_font_size_unit":"px","ocean_menu_typo_font_weight":"","ocean_menu_typo_font_weight_tablet":"","ocean_menu_typo_font_weight_mobile":"","ocean_menu_typo_transform":"","ocean_menu_typo_transform_tablet":"","ocean_menu_typo_transform_mobile":"","ocean_menu_typo_line_height":0,"ocean_menu_typo_line_height_tablet":0,"ocean_menu_typo_line_height_mobile":0,"ocean_menu_typo_line_height_unit":"","ocean_menu_typo_spacing":0,"ocean_menu_typo_spacing_tablet":0,"ocean_menu_typo_spacing_mobile":0,"ocean_menu_typo_spacing_unit":"","ocean_menu_link_color":"","ocean_menu_link_color_hover":"","ocean_menu_link_color_active":"","ocean_menu_link_background":"","ocean_menu_link_hover_background":"","ocean_menu_link_active_background":"","ocean_menu_social_links_bg":"","ocean_menu_social_hover_links_bg":"","ocean_menu_social_links_color":"","ocean_menu_social_hover_links_color":"","ocean_disable_title":"default","ocean_disable_heading":"default","ocean_post_title":"","ocean_post_subheading":"","ocean_post_title_style":"","ocean_post_title_background_color":"","ocean_post_title_background":0,"ocean_post_title_bg_image_position":"","ocean_post_title_bg_image_attachment":"","ocean_post_title_bg_image_repeat":"","ocean_post_title_bg_image_size":"","ocean_post_title_height":0,"ocean_post_title_bg_overlay":0.5,"ocean_post_title_bg_overlay_color":"","ocean_disable_breadcrumbs":"default","ocean_breadcrumbs_color":"","ocean_breadcrumbs_separator_color":"","ocean_breadcrumbs_links_color":"","ocean_breadcrumbs_links_hover_color":"","ocean_display_footer_widgets":"default","ocean_display_footer_bottom":"default","ocean_custom_footer_template":"0","footnotes":""},"class_list":["post-1107","page","type-page","status-publish","hentry","entry"],"_links":{"self":[{"href":"https:\/\/www.haustannenhof.de\/index.php\/wp-json\/wp\/v2\/pages\/1107","targetHints":{"allow":["GET"]}}],"collection":[{"href":"https:\/\/www.haustannenhof.de\/index.php\/wp-json\/wp\/v2\/pages"}],"about":[{"href":"https:\/\/www.haustannenhof.de\/index.php\/wp-json\/wp\/v2\/types\/page"}],"author":[{"embeddable":true,"href":"https:\/\/www.haustannenhof.de\/index.php\/wp-json\/wp\/v2\/users\/1"}],"replies":[{"embeddable":true,"href":"https:\/\/www.haustannenhof.de\/index.php\/wp-json\/wp\/v2\/comments?post=1107"}],"version-history":[{"count":13,"href":"https:\/\/www.haustannenhof.de\/index.php\/wp-json\/wp\/v2\/pages\/1107\/revisions"}],"predecessor-version":[{"id":1632,"href":"https:\/\/www.haustannenhof.de\/index.php\/wp-json\/wp\/v2\/pages\/1107\/revisions\/1632"}],"wp:attachment":[{"href":"https:\/\/www.haustannenhof.de\/index.php\/wp-json\/wp\/v2\/media?parent=1107"}],"curies":[{"name":"wp","href":"https:\/\/api.w.org\/{rel}","templated":true}]}}