{"id":1089,"date":"2021-05-31T09:00:47","date_gmt":"2021-05-31T09:00:47","guid":{"rendered":"https:\/\/www.haustannenhof.de\/?page_id=1089"},"modified":"2026-04-10T08:31:55","modified_gmt":"2026-04-10T08:31:55","slug":"pflegedienst","status":"publish","type":"page","link":"https:\/\/www.haustannenhof.de\/index.php\/pflegedienst\/","title":{"rendered":"Pflegedienst"},"content":{"rendered":"\t\t<div data-elementor-type=\"wp-page\" data-elementor-id=\"1089\" class=\"elementor elementor-1089\">\n\t\t\t\t\t\t<section class=\"elementor-section elementor-top-section elementor-element elementor-element-a40839d elementor-section-boxed elementor-section-height-default elementor-section-height-default\" data-id=\"a40839d\" data-element_type=\"section\" data-e-type=\"section\">\n\t\t\t\t\t\t<div class=\"elementor-container elementor-column-gap-default\">\n\t\t\t\t\t<div class=\"elementor-column elementor-col-100 elementor-top-column elementor-element elementor-element-251ec8f\" data-id=\"251ec8f\" data-element_type=\"column\" data-e-type=\"column\">\n\t\t\t<div class=\"elementor-widget-wrap elementor-element-populated\">\n\t\t\t\t\t\t<div class=\"elementor-element elementor-element-c6828a8 elementor-widget elementor-widget-heading\" data-id=\"c6828a8\" data-element_type=\"widget\" data-e-type=\"widget\" data-widget_type=\"heading.default\">\n\t\t\t\t<div class=\"elementor-widget-container\">\n\t\t\t\t\t<h2 class=\"elementor-heading-title elementor-size-default\">Pflegedienst<\/h2>\t\t\t\t<\/div>\n\t\t\t\t<\/div>\n\t\t\t\t\t<\/div>\n\t\t<\/div>\n\t\t\t\t\t<\/div>\n\t\t<\/section>\n\t\t\t\t<section class=\"elementor-section elementor-top-section elementor-element elementor-element-e25ea02 elementor-section-boxed elementor-section-height-default elementor-section-height-default\" data-id=\"e25ea02\" data-element_type=\"section\" data-e-type=\"section\">\n\t\t\t\t\t\t<div class=\"elementor-container elementor-column-gap-default\">\n\t\t\t\t\t<div class=\"elementor-column elementor-col-100 elementor-top-column elementor-element elementor-element-41265e5\" data-id=\"41265e5\" data-element_type=\"column\" data-e-type=\"column\" data-settings=\"{&quot;background_background&quot;:&quot;classic&quot;}\">\n\t\t\t<div class=\"elementor-widget-wrap elementor-element-populated\">\n\t\t\t\t\t\t<div class=\"elementor-element elementor-element-a9452a1 elementor-widget elementor-widget-heading\" data-id=\"a9452a1\" data-element_type=\"widget\" data-e-type=\"widget\" data-widget_type=\"heading.default\">\n\t\t\t\t<div class=\"elementor-widget-container\">\n\t\t\t\t\t<h2 class=\"elementor-heading-title elementor-size-default\">Christina Jansenberger  <\/h2>\t\t\t\t<\/div>\n\t\t\t\t<\/div>\n\t\t\t\t<div class=\"elementor-element elementor-element-d7559e7 elementor-widget elementor-widget-text-editor\" data-id=\"d7559e7\" data-element_type=\"widget\" data-e-type=\"widget\" data-widget_type=\"text-editor.default\">\n\t\t\t\t<div class=\"elementor-widget-container\">\n\t\t\t\t\t\t\t\t\t<h6>\u00a0 \u00a0 \u00a0 \u00a0 \u00a0 \u00a0 \u00a0 \u00a0 \u00a0 \u00a0 \u00a0 \u00a0 \u00a0 \u00a0 \u00a0 \u00a0 \u00a0 \u00a0 \u00a0 \u00a0 \u00a0 \u00a0 \u00a0 PDL und stellv. Einrichtungsleitung\u00a0 \u00a0 \u00a0 \u00a0 \u00a0 \u00a0 \u00a0 \u00a0 \u00a0 \u00a0 \u00a0 \u00a0 \u00a0 \u00a0 \u00a0 \u00a0 \u00a0 \u00a0 \u00a0 \u00a0 \u00a0 \u00a0 \u00a0 \u00a0 \u00a0 \u00a0 <span style=\"background-color: var( --e-global-color-secondary ); color: var( --e-global-color-text ); font-size: 14px;\">Tel: 02688-9514 -16<br \/><\/span><span style=\"font-size: 14px; color: var( --e-global-color-text ); background-color: var( --e-global-color-secondary );\">Mobil: 0151-28746627<br \/><\/span><a style=\"font-size: 14px;\" href=\"mailto:c.jansenberger@haustannenhof.de\">c.jansenberger@haustannenhof.de<\/a><\/h6>\t\t\t\t\t\t\t\t<\/div>\n\t\t\t\t<\/div>\n\t\t\t\t<div class=\"elementor-element elementor-element-308ab69 elementor-widget elementor-widget-heading\" data-id=\"308ab69\" data-element_type=\"widget\" data-e-type=\"widget\" data-widget_type=\"heading.default\">\n\t\t\t\t<div class=\"elementor-widget-container\">\n\t\t\t\t\t<h2 class=\"elementor-heading-title elementor-size-default\">Manuela Bl\u00f6ssl<\/h2>\t\t\t\t<\/div>\n\t\t\t\t<\/div>\n\t\t\t\t<div class=\"elementor-element elementor-element-73c57af elementor-widget elementor-widget-text-editor\" data-id=\"73c57af\" data-element_type=\"widget\" data-e-type=\"widget\" data-widget_type=\"text-editor.default\">\n\t\t\t\t<div class=\"elementor-widget-container\">\n\t\t\t\t\t\t\t\t\t<p style=\"text-align: center;\">Abteilungleitung Pflege<br \/>Fachkraft in der Altenpflege\u00a0<br \/>Praxis Anleitung<br \/>Tel: 02688\/9514-49<br \/><a href=\"mailto:m.bloessl@haustannenhof.de\">m.bloessl@haustannenhof.de<\/a><\/p>\t\t\t\t\t\t\t\t<\/div>\n\t\t\t\t<\/div>\n\t\t\t\t<div class=\"elementor-element elementor-element-62dda43 elementor-widget elementor-widget-heading\" data-id=\"62dda43\" data-element_type=\"widget\" data-e-type=\"widget\" data-widget_type=\"heading.default\">\n\t\t\t\t<div class=\"elementor-widget-container\">\n\t\t\t\t\t<h2 class=\"elementor-heading-title elementor-size-default\">Malgorzata Ludwik<\/h2>\t\t\t\t<\/div>\n\t\t\t\t<\/div>\n\t\t\t\t<div class=\"elementor-element elementor-element-8998551 elementor-widget__width-initial elementor-widget elementor-widget-text-editor\" data-id=\"8998551\" data-element_type=\"widget\" data-e-type=\"widget\" data-widget_type=\"text-editor.default\">\n\t\t\t\t<div class=\"elementor-widget-container\">\n\t\t\t\t\t\t\t\t\t<p style=\"text-align: center;\">Wohnbereichsleitung WB I<br \/>Fachkraft in der Altenpflege\u00a0<br \/><span style=\"font-size: 14px; color: var( --e-global-color-text ); background-color: var( --e-global-color-secondary );\">Beauftragte\u00a0 f\u00fcr Medizinproduktsicherheit\u00a0 <\/span><span style=\"font-size: 14px;\">Wundmanagerin<br \/><\/span><span style=\"font-size: 14px;\">Tel: 02688\/9514-31<br \/>\u00a0<\/span><a style=\"font-size: 14px; background-color: #ffffff;\" href=\"mailto:m.ludwik@haustannenhof.de\">m.ludwik@haustannenhof.de<\/a><\/p><p>\u00a0<\/p>\t\t\t\t\t\t\t\t<\/div>\n\t\t\t\t<\/div>\n\t\t\t\t<div class=\"elementor-element elementor-element-665cfbb elementor-widget elementor-widget-heading\" data-id=\"665cfbb\" data-element_type=\"widget\" data-e-type=\"widget\" data-widget_type=\"heading.default\">\n\t\t\t\t<div class=\"elementor-widget-container\">\n\t\t\t\t\t<h2 class=\"elementor-heading-title elementor-size-default\">Christian Contini<\/h2>\t\t\t\t<\/div>\n\t\t\t\t<\/div>\n\t\t\t\t<div class=\"elementor-element elementor-element-d0cecb3 elementor-widget elementor-widget-text-editor\" data-id=\"d0cecb3\" data-element_type=\"widget\" data-e-type=\"widget\" data-widget_type=\"text-editor.default\">\n\t\t\t\t<div class=\"elementor-widget-container\">\n\t\t\t\t\t\t\t\t\t<p style=\"text-align: center;\">Wohnbereichsleitung WB II<br \/><span style=\"background-color: var( --e-global-color-secondary ); color: var( --e-global-color-text ); font-size: 14px;\">Fachkraft in der Altenpflege\u00a0<\/span><span style=\"background-color: var( --e-global-color-secondary ); color: var( --e-global-color-text ); font-size: 14px;\">\u00a0<br \/><\/span><span style=\"background-color: var( --e-global-color-secondary ); color: var( --e-global-color-text ); font-size: 14px;\">Beauftragter\u00a0 f\u00fcr Medizinproduktsicherheit i.A.<br \/><\/span><span style=\"font-size: 14px; color: var( --e-global-color-text ); background-color: var( --e-global-color-secondary );\">Tel: 02688\/9514-41<br \/><\/span><span id=\"cloak29502\">\u00a0<a href=\"mailto:c.contini@haustannenhof.de\">c.contini@haustannenhof.de<\/a><\/span><\/p>\t\t\t\t\t\t\t\t<\/div>\n\t\t\t\t<\/div>\n\t\t\t\t<div class=\"elementor-element elementor-element-53aed05 elementor-widget elementor-widget-heading\" data-id=\"53aed05\" data-element_type=\"widget\" data-e-type=\"widget\" data-widget_type=\"heading.default\">\n\t\t\t\t<div class=\"elementor-widget-container\">\n\t\t\t\t\t<h2 class=\"elementor-heading-title elementor-size-default\">Pflegeleitbild<\/h2>\t\t\t\t<\/div>\n\t\t\t\t<\/div>\n\t\t\t\t<div class=\"elementor-element elementor-element-0cdf82d elementor-widget elementor-widget-text-editor\" data-id=\"0cdf82d\" data-element_type=\"widget\" data-e-type=\"widget\" data-widget_type=\"text-editor.default\">\n\t\t\t\t<div class=\"elementor-widget-container\">\n\t\t\t\t\t\t\t\t\t<p>&#8222;Grundlage allen pflegerischen Tuns ist die Achtung vor der W\u00fcrde und die Einzigartigkeit menschlichen Lebens.&#8220;<\/p><p>Ziel unserer Arbeit soll es sein, den uns anvertrauten Menschen das Gef\u00fchl zu geben, dass sie mit ihrer Bew\u00e4ltigungsarbeit nicht alleingelassen werden und dass ihre Konflikte mit sich selbst von uns und der Umwelt verstanden werden.<\/p><p>Die Freiheit zur Selbstbestimmung in einer oft fremdbestimmten Welt soll so weit wie m\u00f6glich gewahrt bleiben.<\/p><p>Eine nach neusten Erkenntnissen durchgef\u00fchrte ganzheitliche Pflege und Betreuung von K\u00f6rper, Geist und Seele ist eines der obersten Ziele unseres Hauses und wir wollen, das wir wertsch\u00e4tzend miteinander umgehen.<\/p><p>Angeh\u00f6rige und \u00c4rzte sind unsere Partner in der Sorge um das Wohlergehen unserer Bewohner.<\/p><p>Wir wollen ein Team sein, dass Erfahrungen untereinander austauscht, dass durch Weiterbildung vorhandene F\u00e4higkeiten und Kenntnisse vertieft und erweitert.<\/p><p>Die ganzheitliche Pflege und Betreuung wird von uns f\u00fcr jeden Bewohner individuell geplant, durch ein Dokumentationssystem unterst\u00fctzt und im Sinne der Qualit\u00e4tssicherung \u00fcberwacht und \u00fcberarbeitet.<\/p><p>Unser Team soll kooperativ und kritikf\u00e4hig sein, damit unsere Dualit\u00e4t steigt und kontinuierlich verbessert wird und letztlich zur Zufriedenheit unserer Mitarbeit und BewohnerInnen f\u00fchrt.<\/p>\t\t\t\t\t\t\t\t<\/div>\n\t\t\t\t<\/div>\n\t\t\t\t\t<\/div>\n\t\t<\/div>\n\t\t\t\t\t<\/div>\n\t\t<\/section>\n\t\t\t\t<\/div>\n\t\t","protected":false},"excerpt":{"rendered":"<p>Pflegedienst Christina Jansenberger \u00a0 \u00a0 \u00a0 \u00a0 \u00a0 \u00a0 \u00a0 \u00a0 \u00a0 \u00a0 \u00a0 \u00a0 \u00a0 \u00a0 \u00a0 \u00a0 \u00a0 \u00a0 \u00a0 \u00a0 \u00a0 \u00a0 \u00a0 PDL und stellv. Einrichtungsleitung\u00a0 \u00a0 \u00a0 \u00a0 \u00a0 \u00a0 \u00a0 \u00a0 \u00a0 \u00a0 \u00a0 \u00a0 \u00a0 \u00a0 \u00a0 \u00a0 \u00a0 \u00a0 \u00a0 \u00a0 \u00a0 \u00a0 \u00a0 \u00a0 \u00a0 \u00a0 [&hellip;]<\/p>\n","protected":false},"author":2,"featured_media":0,"parent":0,"menu_order":0,"comment_status":"closed","ping_status":"closed","template":"","meta":{"ocean_post_layout":"","ocean_both_sidebars_style":"","ocean_both_sidebars_content_width":0,"ocean_both_sidebars_sidebars_width":0,"ocean_sidebar":"","ocean_second_sidebar":"","ocean_disable_margins":"enable","ocean_add_body_class":"","ocean_shortcode_before_top_bar":"","ocean_shortcode_after_top_bar":"","ocean_shortcode_before_header":"","ocean_shortcode_after_header":"","ocean_has_shortcode":"","ocean_shortcode_after_title":"","ocean_shortcode_before_footer_widgets":"","ocean_shortcode_after_footer_widgets":"","ocean_shortcode_before_footer_bottom":"","ocean_shortcode_after_footer_bottom":"","ocean_display_top_bar":"default","ocean_display_header":"default","ocean_header_style":"","ocean_center_header_left_menu":"","ocean_custom_header_template":"","ocean_custom_logo":0,"ocean_custom_retina_logo":0,"ocean_custom_logo_max_width":0,"ocean_custom_logo_tablet_max_width":0,"ocean_custom_logo_mobile_max_width":0,"ocean_custom_logo_max_height":0,"ocean_custom_logo_tablet_max_height":0,"ocean_custom_logo_mobile_max_height":0,"ocean_header_custom_menu":"","ocean_menu_typo_font_family":"","ocean_menu_typo_font_subset":"","ocean_menu_typo_font_size":0,"ocean_menu_typo_font_size_tablet":0,"ocean_menu_typo_font_size_mobile":0,"ocean_menu_typo_font_size_unit":"px","ocean_menu_typo_font_weight":"","ocean_menu_typo_font_weight_tablet":"","ocean_menu_typo_font_weight_mobile":"","ocean_menu_typo_transform":"","ocean_menu_typo_transform_tablet":"","ocean_menu_typo_transform_mobile":"","ocean_menu_typo_line_height":0,"ocean_menu_typo_line_height_tablet":0,"ocean_menu_typo_line_height_mobile":0,"ocean_menu_typo_line_height_unit":"","ocean_menu_typo_spacing":0,"ocean_menu_typo_spacing_tablet":0,"ocean_menu_typo_spacing_mobile":0,"ocean_menu_typo_spacing_unit":"","ocean_menu_link_color":"","ocean_menu_link_color_hover":"","ocean_menu_link_color_active":"","ocean_menu_link_background":"","ocean_menu_link_hover_background":"","ocean_menu_link_active_background":"","ocean_menu_social_links_bg":"","ocean_menu_social_hover_links_bg":"","ocean_menu_social_links_color":"","ocean_menu_social_hover_links_color":"","ocean_disable_title":"default","ocean_disable_heading":"default","ocean_post_title":"","ocean_post_subheading":"","ocean_post_title_style":"","ocean_post_title_background_color":"","ocean_post_title_background":0,"ocean_post_title_bg_image_position":"","ocean_post_title_bg_image_attachment":"","ocean_post_title_bg_image_repeat":"","ocean_post_title_bg_image_size":"","ocean_post_title_height":0,"ocean_post_title_bg_overlay":0.5,"ocean_post_title_bg_overlay_color":"","ocean_disable_breadcrumbs":"default","ocean_breadcrumbs_color":"","ocean_breadcrumbs_separator_color":"","ocean_breadcrumbs_links_color":"","ocean_breadcrumbs_links_hover_color":"","ocean_display_footer_widgets":"default","ocean_display_footer_bottom":"default","ocean_custom_footer_template":"","footnotes":""},"class_list":["post-1089","page","type-page","status-publish","hentry","entry"],"_links":{"self":[{"href":"https:\/\/www.haustannenhof.de\/index.php\/wp-json\/wp\/v2\/pages\/1089","targetHints":{"allow":["GET"]}}],"collection":[{"href":"https:\/\/www.haustannenhof.de\/index.php\/wp-json\/wp\/v2\/pages"}],"about":[{"href":"https:\/\/www.haustannenhof.de\/index.php\/wp-json\/wp\/v2\/types\/page"}],"author":[{"embeddable":true,"href":"https:\/\/www.haustannenhof.de\/index.php\/wp-json\/wp\/v2\/users\/2"}],"replies":[{"embeddable":true,"href":"https:\/\/www.haustannenhof.de\/index.php\/wp-json\/wp\/v2\/comments?post=1089"}],"version-history":[{"count":46,"href":"https:\/\/www.haustannenhof.de\/index.php\/wp-json\/wp\/v2\/pages\/1089\/revisions"}],"predecessor-version":[{"id":1842,"href":"https:\/\/www.haustannenhof.de\/index.php\/wp-json\/wp\/v2\/pages\/1089\/revisions\/1842"}],"wp:attachment":[{"href":"https:\/\/www.haustannenhof.de\/index.php\/wp-json\/wp\/v2\/media?parent=1089"}],"curies":[{"name":"wp","href":"https:\/\/api.w.org\/{rel}","templated":true}]}}